{"id":14617,"date":"2025-08-27T15:14:36","date_gmt":"2025-08-27T13:14:36","guid":{"rendered":"https:\/\/invented4.gifts\/?post_type=product&#038;p=14617"},"modified":"2026-04-15T15:52:38","modified_gmt":"2026-04-15T13:52:38","slug":"chipolo-card-2025","status":"publish","type":"product","link":"https:\/\/invented4.gifts\/de\/produkt\/chipolo-card-2025\/","title":{"rendered":"Chipolo CARD"},"content":{"rendered":"\t\t<div data-elementor-type=\"product-post\" data-elementor-id=\"14617\" class=\"elementor elementor-14617 elementor-14616\" data-elementor-post-type=\"product\">\n\t\t\t\t\t\t<section class=\"elementor-section elementor-top-section elementor-element elementor-element-ac58973 elementor-section-boxed elementor-section-height-default elementor-section-height-default\" data-id=\"ac58973\" data-element_type=\"section\" data-e-type=\"section\">\r\n\t\t\r\n\t\t\t\t\t\t\t<div class=\"elementor-container elementor-column-gap-default\">\r\n\t\t\t\t\t\t\t\t\t\t\t<div class=\"elementor-column elementor-col-100 elementor-top-column elementor-element elementor-element-c85bb86\" data-id=\"c85bb86\" data-element_type=\"column\" data-e-type=\"column\">\r\n\t\t\t\t\t<div class=\"elementor-widget-wrap elementor-element-populated\">\r\n\t\t\t\t\t\t\t\t<div class=\"elementor-element elementor-element-bbe42fb elementor-widget elementor-widget-text-editor\" data-id=\"bbe42fb\" data-element_type=\"widget\" data-e-type=\"widget\" data-widget_type=\"text-editor.default\">\n\t\t\t\t<div class=\"elementor-widget-container\">\n\t\t\t\t\t\t\t\t\t<p>The clever tag that finds anything that\u2019s lost!\u00a0<\/p><p>Chipolo item finders are changing the way people find their belongings. These item finders connect to the Chipolo app and help you find your misplaced phone, wallet, backpack, or even your child&#8217;s favorite toy &#8211; the smart way.\u00a0Ring your misplaced item from the app and locate it by sound. Can&#8217;t find your phone? Double click Chipolo and your phone will start ringing, even if you left it on silent.\u00a0If your item is not around to ring, you can always check the app to see when and where you last had it with you. With its new out-of-range alerts, the app will even remind you if you leave without your keys or similar items.\u00a0Chipolo CARD is Chipolo\u2019s thinnest and most upgraded item finder. It has a loud sound so you can hear your items even if they are buried under a pile of clothes or hiding in another room. The 2-year battery life guarantees you won&#8217;t have any hassle with your finder.<\/p>\t\t\t\t\t\t\t\t<\/div>\n\t\t\t\t<\/div>\n\t\t\t\t\t<\/div>\r\n\t\t\t\t<\/div>\r\n\t\t\t\t\t<\/div>\r\n\t\t\t\t<\/section>\r\n\t\t\t\t<\/div>\n\t\t","protected":false},"excerpt":{"rendered":"<p>Der zuverl\u00e4ssigsten wiederaufladbaren Tracking-Karte, um Ihre Gegenst\u00e4nde \u00fcber Apple Find My auf dem iPhone oder Find Hub auf Android zu orten<\/p>\n","protected":false},"featured_media":14638,"comment_status":"open","ping_status":"closed","template":"","meta":{"_acf_changed":false},"product_brand":[],"product_cat":[93],"product_tag":[],"class_list":{"0":"post-14617","1":"product","2":"type-product","3":"status-publish","4":"has-post-thumbnail","6":"product_cat-uncategorized-de","8":"first","9":"instock","10":"taxable","11":"shipping-taxable","12":"product-type-simple"},"acf":[],"yoast_head":"<!-- This site is optimized with the Yoast SEO plugin v27.4 - https:\/\/yoast.com\/product\/yoast-seo-wordpress\/ -->\n<title>Chipolo CARD - Invented4<\/title>\n<meta name=\"robots\" content=\"index, follow, max-snippet:-1, max-image-preview:large, max-video-preview:-1\" \/>\n<link rel=\"canonical\" href=\"https:\/\/invented4.gifts\/de\/produkt\/chipolo-card-2025\/\" \/>\n<meta property=\"og:locale\" content=\"de_DE\" \/>\n<meta property=\"og:type\" content=\"article\" \/>\n<meta property=\"og:title\" content=\"Chipolo CARD - Invented4\" \/>\n<meta property=\"og:description\" content=\"Der zuverl\u00e4ssigsten wiederaufladbaren Tracking-Karte, um Ihre Gegenst\u00e4nde \u00fcber Apple Find My auf dem iPhone oder Find Hub auf Android zu orten\" \/>\n<meta property=\"og:url\" content=\"https:\/\/invented4.gifts\/de\/produkt\/chipolo-card-2025\/\" \/>\n<meta property=\"og:site_name\" content=\"Invented4\" \/>\n<meta property=\"article:modified_time\" content=\"2026-04-15T13:52:38+00:00\" \/>\n<meta property=\"og:image\" content=\"https:\/\/invented4.gifts\/wp-content\/uploads\/2025\/08\/card-product-photo.webp?_t=1776261159\" \/>\n\t<meta property=\"og:image:width\" content=\"1350\" \/>\n\t<meta property=\"og:image:height\" content=\"1350\" \/>\n\t<meta property=\"og:image:type\" content=\"image\/webp\" \/>\n<meta name=\"twitter:card\" content=\"summary_large_image\" \/>\n<meta name=\"twitter:label1\" content=\"Est. reading time\" \/>\n\t<meta name=\"twitter:data1\" content=\"3 Minuten\" \/>\n<script type=\"application\/ld+json\" class=\"yoast-schema-graph\">{\"@context\":\"https:\\\/\\\/schema.org\",\"@graph\":[{\"@type\":\"WebPage\",\"@id\":\"https:\\\/\\\/invented4.gifts\\\/de\\\/produkt\\\/chipolo-card-2025\\\/\",\"url\":\"https:\\\/\\\/invented4.gifts\\\/de\\\/produkt\\\/chipolo-card-2025\\\/\",\"name\":\"Chipolo CARD - Invented4\",\"isPartOf\":{\"@id\":\"https:\\\/\\\/invented4.gifts\\\/#website\"},\"primaryImageOfPage\":{\"@id\":\"https:\\\/\\\/invented4.gifts\\\/de\\\/produkt\\\/chipolo-card-2025\\\/#primaryimage\"},\"image\":{\"@id\":\"https:\\\/\\\/invented4.gifts\\\/de\\\/produkt\\\/chipolo-card-2025\\\/#primaryimage\"},\"thumbnailUrl\":\"https:\\\/\\\/invented4.gifts\\\/wp-content\\\/uploads\\\/2025\\\/08\\\/card-product-photo.webp\",\"datePublished\":\"2025-08-27T13:14:36+00:00\",\"dateModified\":\"2026-04-15T13:52:38+00:00\",\"breadcrumb\":{\"@id\":\"https:\\\/\\\/invented4.gifts\\\/de\\\/produkt\\\/chipolo-card-2025\\\/#breadcrumb\"},\"inLanguage\":\"de-DE\",\"potentialAction\":[{\"@type\":\"ReadAction\",\"target\":[\"https:\\\/\\\/invented4.gifts\\\/de\\\/produkt\\\/chipolo-card-2025\\\/\"]}]},{\"@type\":\"ImageObject\",\"inLanguage\":\"de-DE\",\"@id\":\"https:\\\/\\\/invented4.gifts\\\/de\\\/produkt\\\/chipolo-card-2025\\\/#primaryimage\",\"url\":\"https:\\\/\\\/invented4.gifts\\\/wp-content\\\/uploads\\\/2025\\\/08\\\/card-product-photo.webp\",\"contentUrl\":\"https:\\\/\\\/invented4.gifts\\\/wp-content\\\/uploads\\\/2025\\\/08\\\/card-product-photo.webp\",\"width\":1350,\"height\":1350},{\"@type\":\"BreadcrumbList\",\"@id\":\"https:\\\/\\\/invented4.gifts\\\/de\\\/produkt\\\/chipolo-card-2025\\\/#breadcrumb\",\"itemListElement\":[{\"@type\":\"ListItem\",\"position\":1,\"name\":\"Home\",\"item\":\"https:\\\/\\\/invented4.gifts\\\/\"},{\"@type\":\"ListItem\",\"position\":2,\"name\":\"Produkte einkaufen\",\"item\":\"https:\\\/\\\/invented4.gifts\\\/shop-products\\\/\"},{\"@type\":\"ListItem\",\"position\":3,\"name\":\"Chipolo CARD\"}]},{\"@type\":\"WebSite\",\"@id\":\"https:\\\/\\\/invented4.gifts\\\/#website\",\"url\":\"https:\\\/\\\/invented4.gifts\\\/\",\"name\":\"Invented4\",\"description\":\"\",\"potentialAction\":[{\"@type\":\"SearchAction\",\"target\":{\"@type\":\"EntryPoint\",\"urlTemplate\":\"https:\\\/\\\/invented4.gifts\\\/?s={search_term_string}\"},\"query-input\":{\"@type\":\"PropertyValueSpecification\",\"valueRequired\":true,\"valueName\":\"search_term_string\"}}],\"inLanguage\":\"de-DE\"}]}<\/script>\n<!-- \/ Yoast SEO plugin. -->","yoast_head_json":{"title":"Chipolo CARD - Invented4","robots":{"index":"index","follow":"follow","max-snippet":"max-snippet:-1","max-image-preview":"max-image-preview:large","max-video-preview":"max-video-preview:-1"},"canonical":"https:\/\/invented4.gifts\/de\/produkt\/chipolo-card-2025\/","og_locale":"de_DE","og_type":"article","og_title":"Chipolo CARD - Invented4","og_description":"Der zuverl\u00e4ssigsten wiederaufladbaren Tracking-Karte, um Ihre Gegenst\u00e4nde \u00fcber Apple Find My auf dem iPhone oder Find Hub auf Android zu orten","og_url":"https:\/\/invented4.gifts\/de\/produkt\/chipolo-card-2025\/","og_site_name":"Invented4","article_modified_time":"2026-04-15T13:52:38+00:00","og_image":[{"width":1350,"height":1350,"url":"https:\/\/invented4.gifts\/wp-content\/uploads\/2025\/08\/card-product-photo.webp?_t=1776261159","type":"image\/webp"}],"twitter_card":"summary_large_image","twitter_misc":{"Est. reading time":"3 Minuten"},"schema":{"@context":"https:\/\/schema.org","@graph":[{"@type":"WebPage","@id":"https:\/\/invented4.gifts\/de\/produkt\/chipolo-card-2025\/","url":"https:\/\/invented4.gifts\/de\/produkt\/chipolo-card-2025\/","name":"Chipolo CARD - Invented4","isPartOf":{"@id":"https:\/\/invented4.gifts\/#website"},"primaryImageOfPage":{"@id":"https:\/\/invented4.gifts\/de\/produkt\/chipolo-card-2025\/#primaryimage"},"image":{"@id":"https:\/\/invented4.gifts\/de\/produkt\/chipolo-card-2025\/#primaryimage"},"thumbnailUrl":"https:\/\/invented4.gifts\/wp-content\/uploads\/2025\/08\/card-product-photo.webp","datePublished":"2025-08-27T13:14:36+00:00","dateModified":"2026-04-15T13:52:38+00:00","breadcrumb":{"@id":"https:\/\/invented4.gifts\/de\/produkt\/chipolo-card-2025\/#breadcrumb"},"inLanguage":"de-DE","potentialAction":[{"@type":"ReadAction","target":["https:\/\/invented4.gifts\/de\/produkt\/chipolo-card-2025\/"]}]},{"@type":"ImageObject","inLanguage":"de-DE","@id":"https:\/\/invented4.gifts\/de\/produkt\/chipolo-card-2025\/#primaryimage","url":"https:\/\/invented4.gifts\/wp-content\/uploads\/2025\/08\/card-product-photo.webp","contentUrl":"https:\/\/invented4.gifts\/wp-content\/uploads\/2025\/08\/card-product-photo.webp","width":1350,"height":1350},{"@type":"BreadcrumbList","@id":"https:\/\/invented4.gifts\/de\/produkt\/chipolo-card-2025\/#breadcrumb","itemListElement":[{"@type":"ListItem","position":1,"name":"Home","item":"https:\/\/invented4.gifts\/"},{"@type":"ListItem","position":2,"name":"Produkte einkaufen","item":"https:\/\/invented4.gifts\/shop-products\/"},{"@type":"ListItem","position":3,"name":"Chipolo CARD"}]},{"@type":"WebSite","@id":"https:\/\/invented4.gifts\/#website","url":"https:\/\/invented4.gifts\/","name":"Invented4","description":"","potentialAction":[{"@type":"SearchAction","target":{"@type":"EntryPoint","urlTemplate":"https:\/\/invented4.gifts\/?s={search_term_string}"},"query-input":{"@type":"PropertyValueSpecification","valueRequired":true,"valueName":"search_term_string"}}],"inLanguage":"de-DE"}]}},"_links":{"self":[{"href":"https:\/\/invented4.gifts\/de\/wp-json\/wp\/v2\/product\/14617","targetHints":{"allow":["GET"]}}],"collection":[{"href":"https:\/\/invented4.gifts\/de\/wp-json\/wp\/v2\/product"}],"about":[{"href":"https:\/\/invented4.gifts\/de\/wp-json\/wp\/v2\/types\/product"}],"replies":[{"embeddable":true,"href":"https:\/\/invented4.gifts\/de\/wp-json\/wp\/v2\/comments?post=14617"}],"wp:featuredmedia":[{"embeddable":true,"href":"https:\/\/invented4.gifts\/de\/wp-json\/wp\/v2\/media\/14638"}],"wp:attachment":[{"href":"https:\/\/invented4.gifts\/de\/wp-json\/wp\/v2\/media?parent=14617"}],"wp:term":[{"taxonomy":"product_brand","embeddable":true,"href":"https:\/\/invented4.gifts\/de\/wp-json\/wp\/v2\/product_brand?post=14617"},{"taxonomy":"product_cat","embeddable":true,"href":"https:\/\/invented4.gifts\/de\/wp-json\/wp\/v2\/product_cat?post=14617"},{"taxonomy":"product_tag","embeddable":true,"href":"https:\/\/invented4.gifts\/de\/wp-json\/wp\/v2\/product_tag?post=14617"}],"curies":[{"name":"wp","href":"https:\/\/api.w.org\/{rel}","templated":true}]}}