{"id":14424,"date":"2025-04-09T14:19:49","date_gmt":"2025-04-09T12:19:49","guid":{"rendered":"https:\/\/invented4.gifts\/?post_type=product&#038;p=14424"},"modified":"2026-04-15T15:55:41","modified_gmt":"2026-04-15T13:55:41","slug":"chipolo-pop","status":"publish","type":"product","link":"https:\/\/invented4.gifts\/de\/produkt\/chipolo-pop\/","title":{"rendered":"Chipolo POP"},"content":{"rendered":"<p><strong>Chipolo POP \u2013 Das smarte Werbegeschenk, das garantiert in Erinnerung bleibt<\/strong><\/p>\n<p>Chipolo POP ist ein farbenfroher, smarter Bluetooth-Tracker, der Nutzer:innen hilft, wichtige Gegenst\u00e4nde im Blick zu behalten \u2013 und gleichzeitig ein herausragendes Werbegeschenk, das Funktionalit\u00e4t, modernes Design und Markenpr\u00e4senz vereint. Als Werbeartikel oder Mitarbeitergeschenk bietet der Chipolo POP die perfekte Kombination <strong>aus t\u00e4glichem Nutzen, hochwertiger Technologie und starker Markenwirkung.<\/strong><\/p>\n<p>&nbsp;<\/p>\n<p><strong>So funktioniert\u2019s<\/strong><\/p>\n<p>Chipolo POP verbindet sich mit dem <strong data-start=\"650\" data-end=\"667\">Apple \u201eWo ist?\u201c<\/strong>oder <strong data-start=\"673\" data-end=\"698\">Google \u201eFind Hub\u201c <\/strong>Netzwerk \u2013 das bedeutet: Jedes iPhone oder Android-Ger\u00e4t weltweit kann dabei helfen, ein verlorenes Objekt zu orten. Sobald sich der Chipolo au\u00dferhalb der Bluetooth-Reichweite befindet, <strong>erkennen ihn umliegende Apple- oder Android-Handys automatisch und aktualisieren sicher seine Position<\/strong>. So sehen Nutzer:innen immer, wo der Gegenstand zuletzt geortet wurde.<\/p>\n<p>&nbsp;<\/p>\n<p><strong>Beispiel:<\/strong><br \/>\nRucksack am Flughafen vergessen? Selbst wenn man schon in einer anderen Stadt ist \u2013 sobald jemand mit einem iPhone oder Android-Ger\u00e4t daran vorbeigeht, wird der Standort aktualisiert und auf der Karte angezeigt. Perfekt zum Nachverfolgen von <strong>Gep\u00e4ck, Laptoptaschen oder Reiseausr\u00fcstung.<\/strong><\/p>\n<p>&nbsp;<\/p>\n<p><strong>Hauptfunktionen<\/strong><\/p>\n<ul>\n<li><strong>In der N\u00e4he finden<\/strong><br \/>\nLasse den Chipolo POP \u00fcber die App klingeln, wenn sich ein Gegenstand in Reichweite versteckt.<\/li>\n<li><strong>Aus der Ferne finden<\/strong><br \/>\nNutze das globale Apple- oder Google-Netzwerk, um verlorene Dinge wiederzufinden.<\/li>\n<li><strong>Zus\u00e4tzliche Funktionen \u00fcber die kostenlose Chipolo-App:<\/strong>\n<ul>\n<li>Handy klingeln lassen<\/li>\n<li>Selfie ausl\u00f6sen<\/li>\n<li>Klingelton \u00e4ndern<\/li>\n<li>Farbenfrohes Design<\/li>\n<\/ul>\n<\/li>\n<li><strong>Erh\u00e4ltlich in 6 lebendigen Farben<\/strong><\/li>\n<li><strong>Wasser- &amp; Staubresistent<\/strong><br \/>\nSchutzklasse IP55: spritzwassergesch\u00fctzt und staubabweisend.<\/li>\n<li><strong>Kompatibel mit iPhone &amp; Android<\/strong><br \/>\nUnterst\u00fctzt Apple \u201eWo ist?\u201c und Googles \u201eFind Hub&#8220;.<\/li>\n<li><strong>Keine Abos notwendig<\/strong><br \/>\nAlle Funktionen sind kostenlos nutzbar.<\/li>\n<li><strong>2 Jahre Garantie<\/strong><br \/>\nZuverl\u00e4ssig und abgesichert.<\/li>\n<\/ul>\n<p>&nbsp;<\/p>\n<p><strong>Technische Daten<\/strong><\/p>\n<ul>\n<li><strong>Reichweite zum Klingeln (Bluetooth):<\/strong> bis zu 90 m<\/li>\n<li><strong>Reichweite zur Ortung (global):<\/strong> weltweit \u00fcber Apple \u201eWo ist?\u201c oder Google \u201eFind Hub&#8220;.<\/li>\n<li><strong>Lautst\u00e4rke:<\/strong> ~120 dB<\/li>\n<li><strong>Batterie:<\/strong> austauschbare CR2032-Knopfzelle (bis zu 1 Jahr Nutzung)<\/li>\n<li><strong>Ma\u00dfe:<\/strong> 38,8 mm (Durchmesser) \u00d7 6,6 mm (Dicke)<\/li>\n<li><strong>Wasser- &amp; Staubresistenz:<\/strong> IP55 (spritzwasser- und staubgesch\u00fctzt)<\/li>\n<li><strong>Bluetooth:<\/strong> BLE 6.0<\/li>\n<li><strong>Kompatibilit\u00e4t:<\/strong>\n<ul>\n<li>Apple-Ger\u00e4te mit iOS 14.5 oder h\u00f6her (Apple \u201eWo ist?\u201c)<\/li>\n<li>Android-Ger\u00e4te mit Android 9 oder h\u00f6her &amp; Google Play Services (Google \u201eFind Hub\u201c-App)<\/li>\n<\/ul>\n<\/li>\n<li><strong>App-Unterst\u00fctzung:<\/strong>\n<ul>\n<li>Apple \u201eWo ist?\u201c-App<\/li>\n<li>Google \u201eFind Hub\u201c-App<\/li>\n<li>Kostenlose Chipolo-App (f\u00fcr zus\u00e4tzliche Funktionen)<\/li>\n<\/ul>\n<\/li>\n<li><strong>Farboptionen:<\/strong>\n<ul>\n<li>Wei\u00df, Schwarz,<\/li>\n<li>Blau \u00b7 PANTONE PQ-2174C<\/li>\n<li>Rot \u00b7 PANTONE PQ-3556C<\/li>\n<li>Gelb \u00b7 PANTONE PQ-108C<\/li>\n<li>Gr\u00fcn \u00b7 PANTONE PQ-7481C<\/li>\n<\/ul>\n<\/li>\n<li><strong>Garantie:<\/strong> 2 Jahre<\/li>\n<li><strong>Herkunftsland:<\/strong> Slowenien<\/li>\n<li><strong>TARIC (HS)-Code:<\/strong> 8531.80.70<\/li>\n<li><strong>Einzelverpackung:<\/strong> 140 mm \u00d7 100 mm \u00d7 17 mm<\/li>\n<li><strong>Versandkarton:<\/strong> 50 St\u00fcck, 13,5 \u00d7 30,5 \u00d7 45 cm, 4,2 kg<\/li>\n<li><a href=\"https:\/\/www.dropbox.com\/scl\/fo\/gq14ke75ihoalbuky2jt4\/AECCSYwYuNfmREkOqfauY6I?rlkey=1qnh6mx58byionb5cj3t6vkfx&amp;dl=0\"><strong>Zertifikate herunterladen<\/strong><\/a><\/li>\n<\/ul>\n","protected":false},"excerpt":{"rendered":"<p>Der zuverl\u00e4ssigste Bluetooth-Tracker, um Ihre Gegenst\u00e4nde \u00fcber Apple \u201eWo ist?\u201c oder Google \u201eFind Hub\u201c zu orten.<\/p>\n","protected":false},"featured_media":14405,"comment_status":"open","ping_status":"closed","template":"","meta":{"_acf_changed":false},"product_brand":[],"product_cat":[93],"product_tag":[],"class_list":{"0":"post-14424","1":"product","2":"type-product","3":"status-publish","4":"has-post-thumbnail","6":"product_cat-uncategorized-de","8":"first","9":"instock","10":"taxable","11":"shipping-taxable","12":"product-type-simple"},"acf":[],"yoast_head":"<!-- This site is optimized with the Yoast SEO plugin v27.4 - https:\/\/yoast.com\/product\/yoast-seo-wordpress\/ -->\n<title>Chipolo POP - Invented4<\/title>\n<meta name=\"description\" content=\"Chipolo POP \u2013 lauter, farbenfroher Bluetooth-Tracker f\u00fcr Schl\u00fcssel und Taschen. Kompatibel mit Apple &amp; Google. Mit Logo personalisierbar.\" \/>\n<meta name=\"robots\" content=\"index, follow, max-snippet:-1, max-image-preview:large, max-video-preview:-1\" \/>\n<link rel=\"canonical\" href=\"https:\/\/invented4.gifts\/de\/produkt\/chipolo-pop\/\" \/>\n<meta property=\"og:locale\" content=\"de_DE\" \/>\n<meta property=\"og:type\" content=\"article\" \/>\n<meta property=\"og:title\" content=\"Chipolo POP - Invented4\" \/>\n<meta property=\"og:description\" content=\"Chipolo POP \u2013 lauter, farbenfroher Bluetooth-Tracker f\u00fcr Schl\u00fcssel und Taschen. Kompatibel mit Apple &amp; Google. Mit Logo personalisierbar.\" \/>\n<meta property=\"og:url\" content=\"https:\/\/invented4.gifts\/de\/produkt\/chipolo-pop\/\" \/>\n<meta property=\"og:site_name\" content=\"Invented4\" \/>\n<meta property=\"article:modified_time\" content=\"2026-04-15T13:55:41+00:00\" \/>\n<meta property=\"og:image\" content=\"https:\/\/invented4.gifts\/wp-content\/uploads\/2025\/04\/01-Chipolo-POP-Blue.jpg?_t=1776261342\" \/>\n\t<meta property=\"og:image:width\" content=\"1920\" \/>\n\t<meta property=\"og:image:height\" content=\"1920\" \/>\n\t<meta property=\"og:image:type\" content=\"image\/jpeg\" \/>\n<meta name=\"twitter:card\" content=\"summary_large_image\" \/>\n<meta name=\"twitter:label1\" content=\"Est. reading time\" \/>\n\t<meta name=\"twitter:data1\" content=\"2 Minuten\" \/>\n<script type=\"application\/ld+json\" class=\"yoast-schema-graph\">{\"@context\":\"https:\\\/\\\/schema.org\",\"@graph\":[{\"@type\":\"WebPage\",\"@id\":\"https:\\\/\\\/invented4.gifts\\\/de\\\/produkt\\\/chipolo-pop\\\/\",\"url\":\"https:\\\/\\\/invented4.gifts\\\/de\\\/produkt\\\/chipolo-pop\\\/\",\"name\":\"Chipolo POP - Invented4\",\"isPartOf\":{\"@id\":\"https:\\\/\\\/invented4.gifts\\\/#website\"},\"primaryImageOfPage\":{\"@id\":\"https:\\\/\\\/invented4.gifts\\\/de\\\/produkt\\\/chipolo-pop\\\/#primaryimage\"},\"image\":{\"@id\":\"https:\\\/\\\/invented4.gifts\\\/de\\\/produkt\\\/chipolo-pop\\\/#primaryimage\"},\"thumbnailUrl\":\"https:\\\/\\\/invented4.gifts\\\/wp-content\\\/uploads\\\/2025\\\/04\\\/01-Chipolo-POP-Blue.jpg\",\"datePublished\":\"2025-04-09T12:19:49+00:00\",\"dateModified\":\"2026-04-15T13:55:41+00:00\",\"description\":\"Chipolo POP \u2013 lauter, farbenfroher Bluetooth-Tracker f\u00fcr Schl\u00fcssel und Taschen. Kompatibel mit Apple & Google. Mit Logo personalisierbar.\",\"breadcrumb\":{\"@id\":\"https:\\\/\\\/invented4.gifts\\\/de\\\/produkt\\\/chipolo-pop\\\/#breadcrumb\"},\"inLanguage\":\"de-DE\",\"potentialAction\":[{\"@type\":\"ReadAction\",\"target\":[\"https:\\\/\\\/invented4.gifts\\\/de\\\/produkt\\\/chipolo-pop\\\/\"]}]},{\"@type\":\"ImageObject\",\"inLanguage\":\"de-DE\",\"@id\":\"https:\\\/\\\/invented4.gifts\\\/de\\\/produkt\\\/chipolo-pop\\\/#primaryimage\",\"url\":\"https:\\\/\\\/invented4.gifts\\\/wp-content\\\/uploads\\\/2025\\\/04\\\/01-Chipolo-POP-Blue.jpg\",\"contentUrl\":\"https:\\\/\\\/invented4.gifts\\\/wp-content\\\/uploads\\\/2025\\\/04\\\/01-Chipolo-POP-Blue.jpg\",\"width\":1920,\"height\":1920},{\"@type\":\"BreadcrumbList\",\"@id\":\"https:\\\/\\\/invented4.gifts\\\/de\\\/produkt\\\/chipolo-pop\\\/#breadcrumb\",\"itemListElement\":[{\"@type\":\"ListItem\",\"position\":1,\"name\":\"Home\",\"item\":\"https:\\\/\\\/invented4.gifts\\\/\"},{\"@type\":\"ListItem\",\"position\":2,\"name\":\"Produkte einkaufen\",\"item\":\"https:\\\/\\\/invented4.gifts\\\/shop-products\\\/\"},{\"@type\":\"ListItem\",\"position\":3,\"name\":\"Chipolo POP\"}]},{\"@type\":\"WebSite\",\"@id\":\"https:\\\/\\\/invented4.gifts\\\/#website\",\"url\":\"https:\\\/\\\/invented4.gifts\\\/\",\"name\":\"Invented4\",\"description\":\"\",\"potentialAction\":[{\"@type\":\"SearchAction\",\"target\":{\"@type\":\"EntryPoint\",\"urlTemplate\":\"https:\\\/\\\/invented4.gifts\\\/?s={search_term_string}\"},\"query-input\":{\"@type\":\"PropertyValueSpecification\",\"valueRequired\":true,\"valueName\":\"search_term_string\"}}],\"inLanguage\":\"de-DE\"}]}<\/script>\n<!-- \/ Yoast SEO plugin. -->","yoast_head_json":{"title":"Chipolo POP - Invented4","description":"Chipolo POP \u2013 lauter, farbenfroher Bluetooth-Tracker f\u00fcr Schl\u00fcssel und Taschen. Kompatibel mit Apple & Google. Mit Logo personalisierbar.","robots":{"index":"index","follow":"follow","max-snippet":"max-snippet:-1","max-image-preview":"max-image-preview:large","max-video-preview":"max-video-preview:-1"},"canonical":"https:\/\/invented4.gifts\/de\/produkt\/chipolo-pop\/","og_locale":"de_DE","og_type":"article","og_title":"Chipolo POP - Invented4","og_description":"Chipolo POP \u2013 lauter, farbenfroher Bluetooth-Tracker f\u00fcr Schl\u00fcssel und Taschen. Kompatibel mit Apple & Google. Mit Logo personalisierbar.","og_url":"https:\/\/invented4.gifts\/de\/produkt\/chipolo-pop\/","og_site_name":"Invented4","article_modified_time":"2026-04-15T13:55:41+00:00","og_image":[{"width":1920,"height":1920,"url":"https:\/\/invented4.gifts\/wp-content\/uploads\/2025\/04\/01-Chipolo-POP-Blue.jpg?_t=1776261342","type":"image\/jpeg"}],"twitter_card":"summary_large_image","twitter_misc":{"Est. reading time":"2 Minuten"},"schema":{"@context":"https:\/\/schema.org","@graph":[{"@type":"WebPage","@id":"https:\/\/invented4.gifts\/de\/produkt\/chipolo-pop\/","url":"https:\/\/invented4.gifts\/de\/produkt\/chipolo-pop\/","name":"Chipolo POP - Invented4","isPartOf":{"@id":"https:\/\/invented4.gifts\/#website"},"primaryImageOfPage":{"@id":"https:\/\/invented4.gifts\/de\/produkt\/chipolo-pop\/#primaryimage"},"image":{"@id":"https:\/\/invented4.gifts\/de\/produkt\/chipolo-pop\/#primaryimage"},"thumbnailUrl":"https:\/\/invented4.gifts\/wp-content\/uploads\/2025\/04\/01-Chipolo-POP-Blue.jpg","datePublished":"2025-04-09T12:19:49+00:00","dateModified":"2026-04-15T13:55:41+00:00","description":"Chipolo POP \u2013 lauter, farbenfroher Bluetooth-Tracker f\u00fcr Schl\u00fcssel und Taschen. Kompatibel mit Apple & Google. Mit Logo personalisierbar.","breadcrumb":{"@id":"https:\/\/invented4.gifts\/de\/produkt\/chipolo-pop\/#breadcrumb"},"inLanguage":"de-DE","potentialAction":[{"@type":"ReadAction","target":["https:\/\/invented4.gifts\/de\/produkt\/chipolo-pop\/"]}]},{"@type":"ImageObject","inLanguage":"de-DE","@id":"https:\/\/invented4.gifts\/de\/produkt\/chipolo-pop\/#primaryimage","url":"https:\/\/invented4.gifts\/wp-content\/uploads\/2025\/04\/01-Chipolo-POP-Blue.jpg","contentUrl":"https:\/\/invented4.gifts\/wp-content\/uploads\/2025\/04\/01-Chipolo-POP-Blue.jpg","width":1920,"height":1920},{"@type":"BreadcrumbList","@id":"https:\/\/invented4.gifts\/de\/produkt\/chipolo-pop\/#breadcrumb","itemListElement":[{"@type":"ListItem","position":1,"name":"Home","item":"https:\/\/invented4.gifts\/"},{"@type":"ListItem","position":2,"name":"Produkte einkaufen","item":"https:\/\/invented4.gifts\/shop-products\/"},{"@type":"ListItem","position":3,"name":"Chipolo POP"}]},{"@type":"WebSite","@id":"https:\/\/invented4.gifts\/#website","url":"https:\/\/invented4.gifts\/","name":"Invented4","description":"","potentialAction":[{"@type":"SearchAction","target":{"@type":"EntryPoint","urlTemplate":"https:\/\/invented4.gifts\/?s={search_term_string}"},"query-input":{"@type":"PropertyValueSpecification","valueRequired":true,"valueName":"search_term_string"}}],"inLanguage":"de-DE"}]}},"_links":{"self":[{"href":"https:\/\/invented4.gifts\/de\/wp-json\/wp\/v2\/product\/14424","targetHints":{"allow":["GET"]}}],"collection":[{"href":"https:\/\/invented4.gifts\/de\/wp-json\/wp\/v2\/product"}],"about":[{"href":"https:\/\/invented4.gifts\/de\/wp-json\/wp\/v2\/types\/product"}],"replies":[{"embeddable":true,"href":"https:\/\/invented4.gifts\/de\/wp-json\/wp\/v2\/comments?post=14424"}],"wp:featuredmedia":[{"embeddable":true,"href":"https:\/\/invented4.gifts\/de\/wp-json\/wp\/v2\/media\/14405"}],"wp:attachment":[{"href":"https:\/\/invented4.gifts\/de\/wp-json\/wp\/v2\/media?parent=14424"}],"wp:term":[{"taxonomy":"product_brand","embeddable":true,"href":"https:\/\/invented4.gifts\/de\/wp-json\/wp\/v2\/product_brand?post=14424"},{"taxonomy":"product_cat","embeddable":true,"href":"https:\/\/invented4.gifts\/de\/wp-json\/wp\/v2\/product_cat?post=14424"},{"taxonomy":"product_tag","embeddable":true,"href":"https:\/\/invented4.gifts\/de\/wp-json\/wp\/v2\/product_tag?post=14424"}],"curies":[{"name":"wp","href":"https:\/\/api.w.org\/{rel}","templated":true}]}}