{"id":14112,"date":"2023-09-27T14:15:34","date_gmt":"2023-09-27T12:15:34","guid":{"rendered":"https:\/\/invented4.gifts\/?post_type=product&#038;p=14112"},"modified":"2024-10-22T11:27:37","modified_gmt":"2024-10-22T09:27:37","slug":"ulla-ocean-edition","status":"publish","type":"product","link":"https:\/\/invented4.gifts\/de\/produkt\/ulla-ocean-edition\/","title":{"rendered":"Ulla Ocean Edition"},"content":{"rendered":"<p>Ulla Ocean Edition ist nicht nur ein blinkendes Licht. Es ist ein High-Tech-Gadget, das entwickelt wurde, um Ihre Wassertrinkgewohnheiten zu verbessern. Es ist nicht nur ein Timer. Es blinkt nicht, wenn man regelm\u00e4\u00dfig trinkt, was f\u00fcr den Einsatz am Arbeitsplatz sehr wichtig ist. Befestigen Sie Ulla Ocean Edition einfach an jeder Flasche oder jedem Glas und sorgen Sie f\u00fcr eine gesunde Trinkgewohnheit.<\/p>\n<p>Ulla Ocean Edition blinkt diskret und erinnert Sie nur dann daran, Wasser zu trinken, wenn Sie in den letzten 35 Minuten keinen Schluck gemacht haben. Das Intervall wird bei jedem Schluck auf 35 Minuten zur\u00fcckgesetzt. Das Ger\u00e4t ist zu 100 % automatisch und benutzerfreundlich, ben\u00f6tigt keine App oder Kabel, verf\u00fcgt \u00fcber eine leicht austauschbare Batterie und gibt keine st\u00f6renden Ger\u00e4usche ab, was es ideal f\u00fcr das B\u00fcro macht.<\/p>\n<p>Das Material stammt verantwortungsvoll und recycelt von dem renommierten Schweizer Unternehmen #tide und ist ein stolzes Zeugnis unseres Umweltengagements. Mit unserer lokalen Produktion in Slowenien freuen wir uns, ma\u00dfgeschneiderte Kunststofffarben anzubieten, selbst f\u00fcr vergleichsweise kleine Bestellungen.<\/p>\n<p>Hauptmerkmale<\/p>\n<ul>\n<li>Verbessert Ihre Hydratationsgewohnheiten.<\/li>\n<li>Blinkt, bevor die Dehydrierung einsetzt.<\/li>\n<li>Verfolgt Ihre Trinkgewohnheiten.<\/li>\n<li>Passt auf jede Wasserflasche.<\/li>\n<li>Vollautomatisch.<\/li>\n<li>Nachhaltig: 100 % aus recyceltem Meeresm\u00fcll hergestellt.<\/li>\n<li>Recycling in der Schweiz und Produktion in Slowenien (EU).<\/li>\n<\/ul>\n<p>Technische Merkmale<\/p>\n<ul>\n<li>KOMPATIBILIT\u00c4T: Ulla passt auf Flaschen aller Gr\u00f6\u00dfen, Formen und Materialien<\/li>\n<li>AUFLADUNG: Nein<\/li>\n<li>AUTO EIN\/AUS: JA<\/li>\n<li>TAGESLICHTSENSOR: Ja<\/li>\n<li>N\u00c4HERUNGSSENSOR: Ja<\/li>\n<li>BATTERIELEBENSDAUER: mindestens 6 Monate<\/li>\n<li>BATTERIETYP: CR2032 Knopfzelle<\/li>\n<li>MATERIAL: recyceltes PP (Meeresplastik)<\/li>\n<li>GR\u00d6SSE: 4 x 2,5 x 1 cm<\/li>\n<li>GEWICHT: 28\u00a0g<\/li>\n<li>0 \u00b0C to + 70 \u00b0C<\/li>\n<li>TARIC-Code: 85437090<\/li>\n<li>TRANSPORTBOX (50 stuck): 58 cm x 21 cm x 15 cm, Gewicht 2 kg<\/li>\n<\/ul>\n<p>&nbsp;<\/p>\n","protected":false},"excerpt":{"rendered":"<p>Die intelligenteste Erinnerung an erh\u00f6hten Fl\u00fcssigkeitsbedarf &#8211; Ocean Edition.<\/p>\n","protected":false},"featured_media":14128,"comment_status":"open","ping_status":"closed","template":"","meta":{"_acf_changed":false},"product_brand":[],"product_cat":[93],"product_tag":[],"class_list":{"0":"post-14112","1":"product","2":"type-product","3":"status-publish","4":"has-post-thumbnail","6":"product_cat-uncategorized-de","8":"first","9":"instock","10":"taxable","11":"shipping-taxable","12":"product-type-simple"},"acf":[],"yoast_head":"<!-- This site is optimized with the Yoast SEO plugin v27.4 - https:\/\/yoast.com\/product\/yoast-seo-wordpress\/ -->\n<title>Ulla Ocean Edition - Invented4<\/title>\n<meta name=\"robots\" content=\"index, follow, max-snippet:-1, max-image-preview:large, max-video-preview:-1\" \/>\n<link rel=\"canonical\" href=\"https:\/\/invented4.gifts\/de\/produkt\/ulla-ocean-edition\/\" \/>\n<meta property=\"og:locale\" content=\"de_DE\" \/>\n<meta property=\"og:type\" content=\"article\" \/>\n<meta property=\"og:title\" content=\"Ulla Ocean Edition - Invented4\" \/>\n<meta property=\"og:description\" content=\"Die intelligenteste Erinnerung an erh\u00f6hten Fl\u00fcssigkeitsbedarf - Ocean Edition.\" \/>\n<meta property=\"og:url\" content=\"https:\/\/invented4.gifts\/de\/produkt\/ulla-ocean-edition\/\" \/>\n<meta property=\"og:site_name\" content=\"Invented4\" \/>\n<meta property=\"article:modified_time\" content=\"2024-10-22T09:27:37+00:00\" \/>\n<meta property=\"og:image\" content=\"https:\/\/invented4.gifts\/wp-content\/uploads\/2023\/09\/Ulla_EN.jpg?_t=1729589257\" \/>\n\t<meta property=\"og:image:width\" content=\"2500\" \/>\n\t<meta property=\"og:image:height\" content=\"2500\" \/>\n\t<meta property=\"og:image:type\" content=\"image\/jpeg\" \/>\n<meta name=\"twitter:card\" content=\"summary_large_image\" \/>\n<meta name=\"twitter:label1\" content=\"Est. reading time\" \/>\n\t<meta name=\"twitter:data1\" content=\"2 Minuten\" \/>\n<script type=\"application\/ld+json\" class=\"yoast-schema-graph\">{\"@context\":\"https:\\\/\\\/schema.org\",\"@graph\":[{\"@type\":\"WebPage\",\"@id\":\"https:\\\/\\\/invented4.gifts\\\/de\\\/produkt\\\/ulla-ocean-edition\\\/\",\"url\":\"https:\\\/\\\/invented4.gifts\\\/de\\\/produkt\\\/ulla-ocean-edition\\\/\",\"name\":\"Ulla Ocean Edition - Invented4\",\"isPartOf\":{\"@id\":\"https:\\\/\\\/invented4.gifts\\\/#website\"},\"primaryImageOfPage\":{\"@id\":\"https:\\\/\\\/invented4.gifts\\\/de\\\/produkt\\\/ulla-ocean-edition\\\/#primaryimage\"},\"image\":{\"@id\":\"https:\\\/\\\/invented4.gifts\\\/de\\\/produkt\\\/ulla-ocean-edition\\\/#primaryimage\"},\"thumbnailUrl\":\"https:\\\/\\\/invented4.gifts\\\/wp-content\\\/uploads\\\/2023\\\/09\\\/Ulla_EN.jpg\",\"datePublished\":\"2023-09-27T12:15:34+00:00\",\"dateModified\":\"2024-10-22T09:27:37+00:00\",\"breadcrumb\":{\"@id\":\"https:\\\/\\\/invented4.gifts\\\/de\\\/produkt\\\/ulla-ocean-edition\\\/#breadcrumb\"},\"inLanguage\":\"de-DE\",\"potentialAction\":[{\"@type\":\"ReadAction\",\"target\":[\"https:\\\/\\\/invented4.gifts\\\/de\\\/produkt\\\/ulla-ocean-edition\\\/\"]}]},{\"@type\":\"ImageObject\",\"inLanguage\":\"de-DE\",\"@id\":\"https:\\\/\\\/invented4.gifts\\\/de\\\/produkt\\\/ulla-ocean-edition\\\/#primaryimage\",\"url\":\"https:\\\/\\\/invented4.gifts\\\/wp-content\\\/uploads\\\/2023\\\/09\\\/Ulla_EN.jpg\",\"contentUrl\":\"https:\\\/\\\/invented4.gifts\\\/wp-content\\\/uploads\\\/2023\\\/09\\\/Ulla_EN.jpg\",\"width\":2500,\"height\":2500},{\"@type\":\"BreadcrumbList\",\"@id\":\"https:\\\/\\\/invented4.gifts\\\/de\\\/produkt\\\/ulla-ocean-edition\\\/#breadcrumb\",\"itemListElement\":[{\"@type\":\"ListItem\",\"position\":1,\"name\":\"Home\",\"item\":\"https:\\\/\\\/invented4.gifts\\\/\"},{\"@type\":\"ListItem\",\"position\":2,\"name\":\"Produkte einkaufen\",\"item\":\"https:\\\/\\\/invented4.gifts\\\/shop-products\\\/\"},{\"@type\":\"ListItem\",\"position\":3,\"name\":\"Ulla Ocean Edition\"}]},{\"@type\":\"WebSite\",\"@id\":\"https:\\\/\\\/invented4.gifts\\\/#website\",\"url\":\"https:\\\/\\\/invented4.gifts\\\/\",\"name\":\"Invented4\",\"description\":\"\",\"potentialAction\":[{\"@type\":\"SearchAction\",\"target\":{\"@type\":\"EntryPoint\",\"urlTemplate\":\"https:\\\/\\\/invented4.gifts\\\/?s={search_term_string}\"},\"query-input\":{\"@type\":\"PropertyValueSpecification\",\"valueRequired\":true,\"valueName\":\"search_term_string\"}}],\"inLanguage\":\"de-DE\"}]}<\/script>\n<!-- \/ Yoast SEO plugin. -->","yoast_head_json":{"title":"Ulla Ocean Edition - Invented4","robots":{"index":"index","follow":"follow","max-snippet":"max-snippet:-1","max-image-preview":"max-image-preview:large","max-video-preview":"max-video-preview:-1"},"canonical":"https:\/\/invented4.gifts\/de\/produkt\/ulla-ocean-edition\/","og_locale":"de_DE","og_type":"article","og_title":"Ulla Ocean Edition - Invented4","og_description":"Die intelligenteste Erinnerung an erh\u00f6hten Fl\u00fcssigkeitsbedarf - Ocean Edition.","og_url":"https:\/\/invented4.gifts\/de\/produkt\/ulla-ocean-edition\/","og_site_name":"Invented4","article_modified_time":"2024-10-22T09:27:37+00:00","og_image":[{"width":2500,"height":2500,"url":"https:\/\/invented4.gifts\/wp-content\/uploads\/2023\/09\/Ulla_EN.jpg?_t=1729589257","type":"image\/jpeg"}],"twitter_card":"summary_large_image","twitter_misc":{"Est. reading time":"2 Minuten"},"schema":{"@context":"https:\/\/schema.org","@graph":[{"@type":"WebPage","@id":"https:\/\/invented4.gifts\/de\/produkt\/ulla-ocean-edition\/","url":"https:\/\/invented4.gifts\/de\/produkt\/ulla-ocean-edition\/","name":"Ulla Ocean Edition - Invented4","isPartOf":{"@id":"https:\/\/invented4.gifts\/#website"},"primaryImageOfPage":{"@id":"https:\/\/invented4.gifts\/de\/produkt\/ulla-ocean-edition\/#primaryimage"},"image":{"@id":"https:\/\/invented4.gifts\/de\/produkt\/ulla-ocean-edition\/#primaryimage"},"thumbnailUrl":"https:\/\/invented4.gifts\/wp-content\/uploads\/2023\/09\/Ulla_EN.jpg","datePublished":"2023-09-27T12:15:34+00:00","dateModified":"2024-10-22T09:27:37+00:00","breadcrumb":{"@id":"https:\/\/invented4.gifts\/de\/produkt\/ulla-ocean-edition\/#breadcrumb"},"inLanguage":"de-DE","potentialAction":[{"@type":"ReadAction","target":["https:\/\/invented4.gifts\/de\/produkt\/ulla-ocean-edition\/"]}]},{"@type":"ImageObject","inLanguage":"de-DE","@id":"https:\/\/invented4.gifts\/de\/produkt\/ulla-ocean-edition\/#primaryimage","url":"https:\/\/invented4.gifts\/wp-content\/uploads\/2023\/09\/Ulla_EN.jpg","contentUrl":"https:\/\/invented4.gifts\/wp-content\/uploads\/2023\/09\/Ulla_EN.jpg","width":2500,"height":2500},{"@type":"BreadcrumbList","@id":"https:\/\/invented4.gifts\/de\/produkt\/ulla-ocean-edition\/#breadcrumb","itemListElement":[{"@type":"ListItem","position":1,"name":"Home","item":"https:\/\/invented4.gifts\/"},{"@type":"ListItem","position":2,"name":"Produkte einkaufen","item":"https:\/\/invented4.gifts\/shop-products\/"},{"@type":"ListItem","position":3,"name":"Ulla Ocean Edition"}]},{"@type":"WebSite","@id":"https:\/\/invented4.gifts\/#website","url":"https:\/\/invented4.gifts\/","name":"Invented4","description":"","potentialAction":[{"@type":"SearchAction","target":{"@type":"EntryPoint","urlTemplate":"https:\/\/invented4.gifts\/?s={search_term_string}"},"query-input":{"@type":"PropertyValueSpecification","valueRequired":true,"valueName":"search_term_string"}}],"inLanguage":"de-DE"}]}},"_links":{"self":[{"href":"https:\/\/invented4.gifts\/de\/wp-json\/wp\/v2\/product\/14112","targetHints":{"allow":["GET"]}}],"collection":[{"href":"https:\/\/invented4.gifts\/de\/wp-json\/wp\/v2\/product"}],"about":[{"href":"https:\/\/invented4.gifts\/de\/wp-json\/wp\/v2\/types\/product"}],"replies":[{"embeddable":true,"href":"https:\/\/invented4.gifts\/de\/wp-json\/wp\/v2\/comments?post=14112"}],"wp:featuredmedia":[{"embeddable":true,"href":"https:\/\/invented4.gifts\/de\/wp-json\/wp\/v2\/media\/14128"}],"wp:attachment":[{"href":"https:\/\/invented4.gifts\/de\/wp-json\/wp\/v2\/media?parent=14112"}],"wp:term":[{"taxonomy":"product_brand","embeddable":true,"href":"https:\/\/invented4.gifts\/de\/wp-json\/wp\/v2\/product_brand?post=14112"},{"taxonomy":"product_cat","embeddable":true,"href":"https:\/\/invented4.gifts\/de\/wp-json\/wp\/v2\/product_cat?post=14112"},{"taxonomy":"product_tag","embeddable":true,"href":"https:\/\/invented4.gifts\/de\/wp-json\/wp\/v2\/product_tag?post=14112"}],"curies":[{"name":"wp","href":"https:\/\/api.w.org\/{rel}","templated":true}]}}