{"id":12314,"date":"2022-10-27T08:43:45","date_gmt":"2022-10-27T06:43:45","guid":{"rendered":"https:\/\/invented4.gifts\/?post_type=product&#038;p=12314"},"modified":"2024-08-14T15:17:36","modified_gmt":"2024-08-14T13:17:36","slug":"carpio","status":"publish","type":"product","link":"https:\/\/invented4.gifts\/de\/produkt\/carpio\/","title":{"rendered":"Carpio &#8211; Handgelenkauflage"},"content":{"rendered":"<p>Schmerzen und Taubheitsgef\u00fchle in den H\u00e4nden k\u00f6nnen durch die wiederholte Nutzung einer Computermaus verursacht werden. Carpio reduziert die Erm\u00fcdung der Handgelenke. Standard-Handgelenkauflagen bieten keine nennenswerten ergonomischen Vorteile und erh\u00f6hen in der Regel das Verletzungsrisiko, da sie Druck auf die Unterseite des Handgelenks aus\u00fcben und das dortige Gewebe zusammendr\u00fccken. Carpio wurde sorgf\u00e4ltig (von \u00c4rzten) entwickelt, um den Druck vom Handgelenk auf die Handfl\u00e4che (Thenar- und Hypothenarmuskeln) zu verst\u00e4rken. Es verbessert die Armhaltung, indem es das Handgelenk um 1,2 cm anhebt und die sch\u00e4dliche Streckung reduziert. Carpio verst\u00e4rkt den Druck auf die Thenar- und Hypothenarbereiche der Handfl\u00e4che und gleitet mit der Maus mit, um Bewegungen des gesamten Arms zu erm\u00f6glichen. All diese Eigenschaften machen Carpio zu einem der besten Geschenke f\u00fcr Maus-Benutzer.<\/p>\n<p>&nbsp;<\/p>\n<p>Hauptmerkmale<\/p>\n<ul>\n<li>Ergonomisch und wirkungsvoll.<\/li>\n<li>Entwickelt mit \u00c4rzten.<\/li>\n<li>Bewegt sich frei mit der Hand.<\/li>\n<li>Verbessert die<\/li>\n<li>Aus hochwertigen Materialien hergestellt.<\/li>\n<li>Anders f\u00fcr Linksh\u00e4nder und Rechtsh\u00e4nder.<\/li>\n<li>Materialien medizinischer Qualit\u00e4t.<\/li>\n<\/ul>\n<p>Technische Merkmale<\/p>\n<ul>\n<li>Standardfarben: Grau, Schwarz und Wei\u00df<\/li>\n<li>2 Gr\u00f6\u00dfen: S, L<\/li>\n<li>Premium-Geschenkbox: matt laminiert, zweiteilige Box,<\/li>\n<li>Eine Box enth\u00e4lt: 1 \u00d7 Carpio, 1 \u00d7 Anleitung, 1 \u00d7 Tasche zur Aufbewahrung<\/li>\n<li>Abmessungen und Gewicht einer Box: 11,50 cm \u00d7 7,5 cm \u00d7 2,8 cm; 81 g<\/li>\n<\/ul>\n<p>&#8211; TARIC-Code: 39269099<\/p>\n<p>&nbsp;<\/p>\n<p><strong>Materialien:<\/strong> ABS-Basis, ergonomische Silikonpads und PTFE-Teflon-F\u00fc\u00dfe gew\u00e4hrleisten eine optimale Funktionalit\u00e4t des Produkts. Das Produkt wird in Europa entworfen und in China produziert.<\/p>\n<p>&nbsp;<\/p>\n<p>&nbsp;<\/p>\n<p>&nbsp;<\/p>\n<p>&nbsp;<\/p>\n","protected":false},"excerpt":{"rendered":"<p>Eine wirklich ergonomische Handgelenkauflage.<\/p>\n","protected":false},"featured_media":12357,"comment_status":"open","ping_status":"closed","template":"","meta":{"_acf_changed":false},"product_brand":[],"product_cat":[93],"product_tag":[],"class_list":{"0":"post-12314","1":"product","2":"type-product","3":"status-publish","4":"has-post-thumbnail","6":"product_cat-uncategorized-de","8":"first","9":"instock","10":"taxable","11":"shipping-taxable","12":"product-type-simple"},"acf":[],"yoast_head":"<!-- This site is optimized with the Yoast SEO plugin v27.4 - https:\/\/yoast.com\/product\/yoast-seo-wordpress\/ -->\n<title>Carpio - Handgelenkauflage - Invented4<\/title>\n<meta name=\"robots\" content=\"index, follow, max-snippet:-1, max-image-preview:large, max-video-preview:-1\" \/>\n<link rel=\"canonical\" href=\"https:\/\/invented4.gifts\/de\/produkt\/carpio\/\" \/>\n<meta property=\"og:locale\" content=\"de_DE\" \/>\n<meta property=\"og:type\" content=\"article\" \/>\n<meta property=\"og:title\" content=\"Carpio - Handgelenkauflage - Invented4\" \/>\n<meta property=\"og:description\" content=\"Eine wirklich ergonomische Handgelenkauflage.\" \/>\n<meta property=\"og:url\" content=\"https:\/\/invented4.gifts\/de\/produkt\/carpio\/\" \/>\n<meta property=\"og:site_name\" content=\"Invented4\" \/>\n<meta property=\"article:modified_time\" content=\"2024-08-14T13:17:36+00:00\" \/>\n<meta property=\"og:image\" content=\"https:\/\/invented4.gifts\/wp-content\/uploads\/2022\/10\/DSC7481_2-square.jpg?_t=1723641456\" \/>\n\t<meta property=\"og:image:width\" content=\"599\" \/>\n\t<meta property=\"og:image:height\" content=\"599\" \/>\n\t<meta property=\"og:image:type\" content=\"image\/jpeg\" \/>\n<meta name=\"twitter:card\" content=\"summary_large_image\" \/>\n<meta name=\"twitter:label1\" content=\"Est. reading time\" \/>\n\t<meta name=\"twitter:data1\" content=\"2 Minuten\" \/>\n<script type=\"application\/ld+json\" class=\"yoast-schema-graph\">{\"@context\":\"https:\\\/\\\/schema.org\",\"@graph\":[{\"@type\":\"WebPage\",\"@id\":\"https:\\\/\\\/invented4.gifts\\\/de\\\/produkt\\\/carpio\\\/\",\"url\":\"https:\\\/\\\/invented4.gifts\\\/de\\\/produkt\\\/carpio\\\/\",\"name\":\"Carpio - Handgelenkauflage - Invented4\",\"isPartOf\":{\"@id\":\"https:\\\/\\\/invented4.gifts\\\/#website\"},\"primaryImageOfPage\":{\"@id\":\"https:\\\/\\\/invented4.gifts\\\/de\\\/produkt\\\/carpio\\\/#primaryimage\"},\"image\":{\"@id\":\"https:\\\/\\\/invented4.gifts\\\/de\\\/produkt\\\/carpio\\\/#primaryimage\"},\"thumbnailUrl\":\"https:\\\/\\\/invented4.gifts\\\/wp-content\\\/uploads\\\/2022\\\/10\\\/DSC7481_2-square.jpg\",\"datePublished\":\"2022-10-27T06:43:45+00:00\",\"dateModified\":\"2024-08-14T13:17:36+00:00\",\"breadcrumb\":{\"@id\":\"https:\\\/\\\/invented4.gifts\\\/de\\\/produkt\\\/carpio\\\/#breadcrumb\"},\"inLanguage\":\"de-DE\",\"potentialAction\":[{\"@type\":\"ReadAction\",\"target\":[\"https:\\\/\\\/invented4.gifts\\\/de\\\/produkt\\\/carpio\\\/\"]}]},{\"@type\":\"ImageObject\",\"inLanguage\":\"de-DE\",\"@id\":\"https:\\\/\\\/invented4.gifts\\\/de\\\/produkt\\\/carpio\\\/#primaryimage\",\"url\":\"https:\\\/\\\/invented4.gifts\\\/wp-content\\\/uploads\\\/2022\\\/10\\\/DSC7481_2-square.jpg\",\"contentUrl\":\"https:\\\/\\\/invented4.gifts\\\/wp-content\\\/uploads\\\/2022\\\/10\\\/DSC7481_2-square.jpg\",\"width\":599,\"height\":599},{\"@type\":\"BreadcrumbList\",\"@id\":\"https:\\\/\\\/invented4.gifts\\\/de\\\/produkt\\\/carpio\\\/#breadcrumb\",\"itemListElement\":[{\"@type\":\"ListItem\",\"position\":1,\"name\":\"Home\",\"item\":\"https:\\\/\\\/invented4.gifts\\\/\"},{\"@type\":\"ListItem\",\"position\":2,\"name\":\"Produkte einkaufen\",\"item\":\"https:\\\/\\\/invented4.gifts\\\/shop-products\\\/\"},{\"@type\":\"ListItem\",\"position\":3,\"name\":\"Carpio &#8211; Handgelenkauflage\"}]},{\"@type\":\"WebSite\",\"@id\":\"https:\\\/\\\/invented4.gifts\\\/#website\",\"url\":\"https:\\\/\\\/invented4.gifts\\\/\",\"name\":\"Invented4\",\"description\":\"\",\"potentialAction\":[{\"@type\":\"SearchAction\",\"target\":{\"@type\":\"EntryPoint\",\"urlTemplate\":\"https:\\\/\\\/invented4.gifts\\\/?s={search_term_string}\"},\"query-input\":{\"@type\":\"PropertyValueSpecification\",\"valueRequired\":true,\"valueName\":\"search_term_string\"}}],\"inLanguage\":\"de-DE\"}]}<\/script>\n<!-- \/ Yoast SEO plugin. -->","yoast_head_json":{"title":"Carpio - Handgelenkauflage - Invented4","robots":{"index":"index","follow":"follow","max-snippet":"max-snippet:-1","max-image-preview":"max-image-preview:large","max-video-preview":"max-video-preview:-1"},"canonical":"https:\/\/invented4.gifts\/de\/produkt\/carpio\/","og_locale":"de_DE","og_type":"article","og_title":"Carpio - Handgelenkauflage - Invented4","og_description":"Eine wirklich ergonomische Handgelenkauflage.","og_url":"https:\/\/invented4.gifts\/de\/produkt\/carpio\/","og_site_name":"Invented4","article_modified_time":"2024-08-14T13:17:36+00:00","og_image":[{"width":599,"height":599,"url":"https:\/\/invented4.gifts\/wp-content\/uploads\/2022\/10\/DSC7481_2-square.jpg?_t=1723641456","type":"image\/jpeg"}],"twitter_card":"summary_large_image","twitter_misc":{"Est. reading time":"2 Minuten"},"schema":{"@context":"https:\/\/schema.org","@graph":[{"@type":"WebPage","@id":"https:\/\/invented4.gifts\/de\/produkt\/carpio\/","url":"https:\/\/invented4.gifts\/de\/produkt\/carpio\/","name":"Carpio - Handgelenkauflage - Invented4","isPartOf":{"@id":"https:\/\/invented4.gifts\/#website"},"primaryImageOfPage":{"@id":"https:\/\/invented4.gifts\/de\/produkt\/carpio\/#primaryimage"},"image":{"@id":"https:\/\/invented4.gifts\/de\/produkt\/carpio\/#primaryimage"},"thumbnailUrl":"https:\/\/invented4.gifts\/wp-content\/uploads\/2022\/10\/DSC7481_2-square.jpg","datePublished":"2022-10-27T06:43:45+00:00","dateModified":"2024-08-14T13:17:36+00:00","breadcrumb":{"@id":"https:\/\/invented4.gifts\/de\/produkt\/carpio\/#breadcrumb"},"inLanguage":"de-DE","potentialAction":[{"@type":"ReadAction","target":["https:\/\/invented4.gifts\/de\/produkt\/carpio\/"]}]},{"@type":"ImageObject","inLanguage":"de-DE","@id":"https:\/\/invented4.gifts\/de\/produkt\/carpio\/#primaryimage","url":"https:\/\/invented4.gifts\/wp-content\/uploads\/2022\/10\/DSC7481_2-square.jpg","contentUrl":"https:\/\/invented4.gifts\/wp-content\/uploads\/2022\/10\/DSC7481_2-square.jpg","width":599,"height":599},{"@type":"BreadcrumbList","@id":"https:\/\/invented4.gifts\/de\/produkt\/carpio\/#breadcrumb","itemListElement":[{"@type":"ListItem","position":1,"name":"Home","item":"https:\/\/invented4.gifts\/"},{"@type":"ListItem","position":2,"name":"Produkte einkaufen","item":"https:\/\/invented4.gifts\/shop-products\/"},{"@type":"ListItem","position":3,"name":"Carpio &#8211; Handgelenkauflage"}]},{"@type":"WebSite","@id":"https:\/\/invented4.gifts\/#website","url":"https:\/\/invented4.gifts\/","name":"Invented4","description":"","potentialAction":[{"@type":"SearchAction","target":{"@type":"EntryPoint","urlTemplate":"https:\/\/invented4.gifts\/?s={search_term_string}"},"query-input":{"@type":"PropertyValueSpecification","valueRequired":true,"valueName":"search_term_string"}}],"inLanguage":"de-DE"}]}},"_links":{"self":[{"href":"https:\/\/invented4.gifts\/de\/wp-json\/wp\/v2\/product\/12314","targetHints":{"allow":["GET"]}}],"collection":[{"href":"https:\/\/invented4.gifts\/de\/wp-json\/wp\/v2\/product"}],"about":[{"href":"https:\/\/invented4.gifts\/de\/wp-json\/wp\/v2\/types\/product"}],"replies":[{"embeddable":true,"href":"https:\/\/invented4.gifts\/de\/wp-json\/wp\/v2\/comments?post=12314"}],"wp:featuredmedia":[{"embeddable":true,"href":"https:\/\/invented4.gifts\/de\/wp-json\/wp\/v2\/media\/12357"}],"wp:attachment":[{"href":"https:\/\/invented4.gifts\/de\/wp-json\/wp\/v2\/media?parent=12314"}],"wp:term":[{"taxonomy":"product_brand","embeddable":true,"href":"https:\/\/invented4.gifts\/de\/wp-json\/wp\/v2\/product_brand?post=12314"},{"taxonomy":"product_cat","embeddable":true,"href":"https:\/\/invented4.gifts\/de\/wp-json\/wp\/v2\/product_cat?post=12314"},{"taxonomy":"product_tag","embeddable":true,"href":"https:\/\/invented4.gifts\/de\/wp-json\/wp\/v2\/product_tag?post=12314"}],"curies":[{"name":"wp","href":"https:\/\/api.w.org\/{rel}","templated":true}]}}