{"id":12005,"date":"2022-10-07T15:11:34","date_gmt":"2022-10-07T13:11:34","guid":{"rendered":"https:\/\/invented4.gifts\/?post_type=product&#038;p=12005"},"modified":"2024-09-02T13:49:32","modified_gmt":"2024-09-02T11:49:32","slug":"rescraper","status":"publish","type":"product","link":"https:\/\/invented4.gifts\/de\/produkt\/rescraper\/","title":{"rendered":"ReScraper &#8211; Autozubeh\u00f6r"},"content":{"rendered":"<p>Der ReScraper ist ein patentiertes multifunktionales Autozubeh\u00f6r, das aus recyceltem Meeresplastik hergestellt wird. Sein einfaches, doch intelligentes Konstruktionsdesign erm\u00f6glicht ein einfaches Versenden f\u00fcr Unternehmen und ein einfaches Aufbewahren f\u00fcr die Benutzer. Der ReScraper kann als Eiskratzer, Schneeschaufel, Reifenprofilanzeiger oder Fl\u00fcssigkeitstrichter verwendet werden. Er wird zu 100 % aus Meeresabf\u00e4llen hergestellt, die von der Schweizer Firma #tide recycelt wurden. Da er vor Ort in Slowenien (EU) produziert wird, k\u00f6nnen wir Ihnen ab 5.000 St\u00fcck eine individuelle Kunststofffarbe anbieten.<\/p>\n<p>&nbsp;<\/p>\n<p><strong>Warum ist der ReScraper ein perfektes Werbegeschenk?<\/strong><\/p>\n<ul>\n<li>Breite Zielgruppe: jeder braucht ihn.<\/li>\n<li>Sehr praktisch und einfach zu verstauen.<\/li>\n<li>Einzigartiges patentiertes Design, das einen \u201eWow-Effekt\u201c ausl\u00f6st.<\/li>\n<li>Nachhaltig: 100 % aus recycelten Meeresabf\u00e4llen hergestellt.<\/li>\n<li>Strapazierf\u00e4higes Material sorgt f\u00fcr eine lange Lebensdauer.<\/li>\n<li>D\u00fcnn und leicht, daher bequem zu versenden.<\/li>\n<li>Sie k\u00f6nnen ihn per Post verschicken.<\/li>\n<li>Sie k\u00f6nnen ihn an Zeitschriften oder Produkten anbringen.<\/li>\n<li>Sie k\u00f6nnen ihn in (Versicherungs-) Ordner einf\u00fcgen<\/li>\n<li>Recycelt in der Schweiz und hergestellt in Slowenien (EU).<\/li>\n<\/ul>\n<p>&nbsp;<\/p>\n<p>Technische Spezifikationen<\/p>\n<ul>\n<li>Abmessungen: 85 mm (Breite), 165 mm (H\u00f6he), 1,2 mm (St\u00e4rke),<\/li>\n<li>Gewicht: 15 g<\/li>\n<li>Material: recyceltes PP (Meeresplastik)<\/li>\n<li>Verpackung: in gro\u00dfen Mengen<\/li>\n<li>Eingetragenes Design: 004517084-0001<\/li>\n<\/ul>\n<p>&nbsp;<\/p>\n<p>&nbsp;<\/p>\n<p>&nbsp;<\/p>\n","protected":false},"excerpt":{"rendered":"<p>Patentiertes, multifunktionales Autozubeh\u00f6r aus recyceltem Meeresplastik.<\/p>\n","protected":false},"featured_media":12088,"comment_status":"open","ping_status":"closed","template":"","meta":{"_acf_changed":false},"product_brand":[],"product_cat":[93],"product_tag":[],"class_list":{"0":"post-12005","1":"product","2":"type-product","3":"status-publish","4":"has-post-thumbnail","6":"product_cat-uncategorized-de","8":"first","9":"instock","10":"taxable","11":"shipping-taxable","12":"product-type-simple"},"acf":[],"yoast_head":"<!-- This site is optimized with the Yoast SEO plugin v27.4 - https:\/\/yoast.com\/product\/yoast-seo-wordpress\/ -->\n<title>ReScraper - Autozubeh\u00f6r - Invented4<\/title>\n<meta name=\"robots\" content=\"index, follow, max-snippet:-1, max-image-preview:large, max-video-preview:-1\" \/>\n<link rel=\"canonical\" href=\"https:\/\/invented4.gifts\/de\/produkt\/rescraper\/\" \/>\n<meta property=\"og:locale\" content=\"de_DE\" \/>\n<meta property=\"og:type\" content=\"article\" \/>\n<meta property=\"og:title\" content=\"ReScraper - Autozubeh\u00f6r - Invented4\" \/>\n<meta property=\"og:description\" content=\"Patentiertes, multifunktionales Autozubeh\u00f6r aus recyceltem Meeresplastik.\" \/>\n<meta property=\"og:url\" content=\"https:\/\/invented4.gifts\/de\/produkt\/rescraper\/\" \/>\n<meta property=\"og:site_name\" content=\"Invented4\" \/>\n<meta property=\"article:modified_time\" content=\"2024-09-02T11:49:32+00:00\" \/>\n<meta property=\"og:image\" content=\"https:\/\/invented4.gifts\/wp-content\/uploads\/2022\/10\/IMG_6944_resized-1-e1692794779650.jpg?_t=1725277772\" \/>\n\t<meta property=\"og:image:width\" content=\"800\" \/>\n\t<meta property=\"og:image:height\" content=\"533\" \/>\n\t<meta property=\"og:image:type\" content=\"image\/jpeg\" \/>\n<meta name=\"twitter:card\" content=\"summary_large_image\" \/>\n<meta name=\"twitter:label1\" content=\"Est. reading time\" \/>\n\t<meta name=\"twitter:data1\" content=\"1 Minute\" \/>\n<script type=\"application\/ld+json\" class=\"yoast-schema-graph\">{\"@context\":\"https:\\\/\\\/schema.org\",\"@graph\":[{\"@type\":\"WebPage\",\"@id\":\"https:\\\/\\\/invented4.gifts\\\/de\\\/produkt\\\/rescraper\\\/\",\"url\":\"https:\\\/\\\/invented4.gifts\\\/de\\\/produkt\\\/rescraper\\\/\",\"name\":\"ReScraper - Autozubeh\u00f6r - Invented4\",\"isPartOf\":{\"@id\":\"https:\\\/\\\/invented4.gifts\\\/#website\"},\"primaryImageOfPage\":{\"@id\":\"https:\\\/\\\/invented4.gifts\\\/de\\\/produkt\\\/rescraper\\\/#primaryimage\"},\"image\":{\"@id\":\"https:\\\/\\\/invented4.gifts\\\/de\\\/produkt\\\/rescraper\\\/#primaryimage\"},\"thumbnailUrl\":\"https:\\\/\\\/invented4.gifts\\\/wp-content\\\/uploads\\\/2022\\\/10\\\/IMG_6944_resized-1-e1692794779650.jpg\",\"datePublished\":\"2022-10-07T13:11:34+00:00\",\"dateModified\":\"2024-09-02T11:49:32+00:00\",\"breadcrumb\":{\"@id\":\"https:\\\/\\\/invented4.gifts\\\/de\\\/produkt\\\/rescraper\\\/#breadcrumb\"},\"inLanguage\":\"de-DE\",\"potentialAction\":[{\"@type\":\"ReadAction\",\"target\":[\"https:\\\/\\\/invented4.gifts\\\/de\\\/produkt\\\/rescraper\\\/\"]}]},{\"@type\":\"ImageObject\",\"inLanguage\":\"de-DE\",\"@id\":\"https:\\\/\\\/invented4.gifts\\\/de\\\/produkt\\\/rescraper\\\/#primaryimage\",\"url\":\"https:\\\/\\\/invented4.gifts\\\/wp-content\\\/uploads\\\/2022\\\/10\\\/IMG_6944_resized-1-e1692794779650.jpg\",\"contentUrl\":\"https:\\\/\\\/invented4.gifts\\\/wp-content\\\/uploads\\\/2022\\\/10\\\/IMG_6944_resized-1-e1692794779650.jpg\",\"width\":533,\"height\":533},{\"@type\":\"BreadcrumbList\",\"@id\":\"https:\\\/\\\/invented4.gifts\\\/de\\\/produkt\\\/rescraper\\\/#breadcrumb\",\"itemListElement\":[{\"@type\":\"ListItem\",\"position\":1,\"name\":\"Home\",\"item\":\"https:\\\/\\\/invented4.gifts\\\/\"},{\"@type\":\"ListItem\",\"position\":2,\"name\":\"Produkte einkaufen\",\"item\":\"https:\\\/\\\/invented4.gifts\\\/shop-products\\\/\"},{\"@type\":\"ListItem\",\"position\":3,\"name\":\"ReScraper &#8211; Autozubeh\u00f6r\"}]},{\"@type\":\"WebSite\",\"@id\":\"https:\\\/\\\/invented4.gifts\\\/#website\",\"url\":\"https:\\\/\\\/invented4.gifts\\\/\",\"name\":\"Invented4\",\"description\":\"\",\"potentialAction\":[{\"@type\":\"SearchAction\",\"target\":{\"@type\":\"EntryPoint\",\"urlTemplate\":\"https:\\\/\\\/invented4.gifts\\\/?s={search_term_string}\"},\"query-input\":{\"@type\":\"PropertyValueSpecification\",\"valueRequired\":true,\"valueName\":\"search_term_string\"}}],\"inLanguage\":\"de-DE\"}]}<\/script>\n<!-- \/ Yoast SEO plugin. -->","yoast_head_json":{"title":"ReScraper - Autozubeh\u00f6r - Invented4","robots":{"index":"index","follow":"follow","max-snippet":"max-snippet:-1","max-image-preview":"max-image-preview:large","max-video-preview":"max-video-preview:-1"},"canonical":"https:\/\/invented4.gifts\/de\/produkt\/rescraper\/","og_locale":"de_DE","og_type":"article","og_title":"ReScraper - Autozubeh\u00f6r - Invented4","og_description":"Patentiertes, multifunktionales Autozubeh\u00f6r aus recyceltem Meeresplastik.","og_url":"https:\/\/invented4.gifts\/de\/produkt\/rescraper\/","og_site_name":"Invented4","article_modified_time":"2024-09-02T11:49:32+00:00","og_image":[{"width":800,"height":533,"url":"https:\/\/invented4.gifts\/wp-content\/uploads\/2022\/10\/IMG_6944_resized-1-e1692794779650.jpg?_t=1725277772","type":"image\/jpeg"}],"twitter_card":"summary_large_image","twitter_misc":{"Est. reading time":"1 Minute"},"schema":{"@context":"https:\/\/schema.org","@graph":[{"@type":"WebPage","@id":"https:\/\/invented4.gifts\/de\/produkt\/rescraper\/","url":"https:\/\/invented4.gifts\/de\/produkt\/rescraper\/","name":"ReScraper - Autozubeh\u00f6r - Invented4","isPartOf":{"@id":"https:\/\/invented4.gifts\/#website"},"primaryImageOfPage":{"@id":"https:\/\/invented4.gifts\/de\/produkt\/rescraper\/#primaryimage"},"image":{"@id":"https:\/\/invented4.gifts\/de\/produkt\/rescraper\/#primaryimage"},"thumbnailUrl":"https:\/\/invented4.gifts\/wp-content\/uploads\/2022\/10\/IMG_6944_resized-1-e1692794779650.jpg","datePublished":"2022-10-07T13:11:34+00:00","dateModified":"2024-09-02T11:49:32+00:00","breadcrumb":{"@id":"https:\/\/invented4.gifts\/de\/produkt\/rescraper\/#breadcrumb"},"inLanguage":"de-DE","potentialAction":[{"@type":"ReadAction","target":["https:\/\/invented4.gifts\/de\/produkt\/rescraper\/"]}]},{"@type":"ImageObject","inLanguage":"de-DE","@id":"https:\/\/invented4.gifts\/de\/produkt\/rescraper\/#primaryimage","url":"https:\/\/invented4.gifts\/wp-content\/uploads\/2022\/10\/IMG_6944_resized-1-e1692794779650.jpg","contentUrl":"https:\/\/invented4.gifts\/wp-content\/uploads\/2022\/10\/IMG_6944_resized-1-e1692794779650.jpg","width":533,"height":533},{"@type":"BreadcrumbList","@id":"https:\/\/invented4.gifts\/de\/produkt\/rescraper\/#breadcrumb","itemListElement":[{"@type":"ListItem","position":1,"name":"Home","item":"https:\/\/invented4.gifts\/"},{"@type":"ListItem","position":2,"name":"Produkte einkaufen","item":"https:\/\/invented4.gifts\/shop-products\/"},{"@type":"ListItem","position":3,"name":"ReScraper &#8211; Autozubeh\u00f6r"}]},{"@type":"WebSite","@id":"https:\/\/invented4.gifts\/#website","url":"https:\/\/invented4.gifts\/","name":"Invented4","description":"","potentialAction":[{"@type":"SearchAction","target":{"@type":"EntryPoint","urlTemplate":"https:\/\/invented4.gifts\/?s={search_term_string}"},"query-input":{"@type":"PropertyValueSpecification","valueRequired":true,"valueName":"search_term_string"}}],"inLanguage":"de-DE"}]}},"_links":{"self":[{"href":"https:\/\/invented4.gifts\/de\/wp-json\/wp\/v2\/product\/12005","targetHints":{"allow":["GET"]}}],"collection":[{"href":"https:\/\/invented4.gifts\/de\/wp-json\/wp\/v2\/product"}],"about":[{"href":"https:\/\/invented4.gifts\/de\/wp-json\/wp\/v2\/types\/product"}],"replies":[{"embeddable":true,"href":"https:\/\/invented4.gifts\/de\/wp-json\/wp\/v2\/comments?post=12005"}],"wp:featuredmedia":[{"embeddable":true,"href":"https:\/\/invented4.gifts\/de\/wp-json\/wp\/v2\/media\/12088"}],"wp:attachment":[{"href":"https:\/\/invented4.gifts\/de\/wp-json\/wp\/v2\/media?parent=12005"}],"wp:term":[{"taxonomy":"product_brand","embeddable":true,"href":"https:\/\/invented4.gifts\/de\/wp-json\/wp\/v2\/product_brand?post=12005"},{"taxonomy":"product_cat","embeddable":true,"href":"https:\/\/invented4.gifts\/de\/wp-json\/wp\/v2\/product_cat?post=12005"},{"taxonomy":"product_tag","embeddable":true,"href":"https:\/\/invented4.gifts\/de\/wp-json\/wp\/v2\/product_tag?post=12005"}],"curies":[{"name":"wp","href":"https:\/\/api.w.org\/{rel}","templated":true}]}}