{"id":11043,"date":"2022-08-17T09:06:16","date_gmt":"2022-08-17T07:06:16","guid":{"rendered":"https:\/\/invented4.gifts\/?post_type=product&#038;p=11043"},"modified":"2024-10-22T11:25:53","modified_gmt":"2024-10-22T09:25:53","slug":"ulla","status":"publish","type":"product","link":"https:\/\/invented4.gifts\/de\/produkt\/ulla\/","title":{"rendered":"Ulla &#8211; Trink-Erinnerung"},"content":{"rendered":"<p>Ulla ist nicht nur ein blinkendes Licht. Es ist ein High-Tech-Gadget, das entwickelt wurde, um Ihre Wassertrinkgewohnheiten zu verbessern. Es ist nicht nur ein Timer. Es blinkt nicht, wenn man regelm\u00e4\u00dfig trinkt, was f\u00fcr den Einsatz am Arbeitsplatz sehr wichtig ist. Befestigen Sie Ulla einfach an jeder Flasche oder jedem Glas und sorgen Sie f\u00fcr eine gesunde Trinkgewohnheit.<\/p>\n<p>Ulla blinkt diskret und erinnert Sie nur dann daran, Wasser zu trinken, wenn Sie in den letzten 35 Minuten keinen Schluck gemacht haben. Das Intervall wird bei jedem Schluck auf 35 Minuten zur\u00fcckgesetzt. Das Ger\u00e4t ist zu 100 % automatisch und benutzerfreundlich, ben\u00f6tigt keine App oder Kabel, verf\u00fcgt \u00fcber eine leicht austauschbare Batterie und gibt keine st\u00f6renden Ger\u00e4usche ab, was es ideal f\u00fcr das B\u00fcro macht.<\/p>\n<p>Hauptmerkmale<\/p>\n<ul>\n<li>Verbessert Ihre Hydratationsgewohnheiten.<\/li>\n<li>Blinkt, bevor die Dehydrierung einsetzt.<\/li>\n<li>Verfolgt Ihre Trinkgewohnheiten.<\/li>\n<li>Passt auf jede Wasserflasche.<\/li>\n<li>Vollautomatisch.<\/li>\n<li>Hergestellt in der EU (Slowenien).<\/li>\n<\/ul>\n<p>Technische Merkmale<\/p>\n<ul>\n<li>KOMPATIBILIT\u00c4T: Ulla passt auf Flaschen aller Gr\u00f6\u00dfen, Formen und Materialien<\/li>\n<li>AUFLADUNG: Nein<\/li>\n<li>AUTO EIN\/AUS: JA<\/li>\n<li>TAGESLICHTSENSOR: Ja<\/li>\n<li>N\u00c4HERUNGSSENSOR: Ja<\/li>\n<li>BATTERIELEBENSDAUER: mindestens 6 Monate<\/li>\n<li>BATTERIETYP: CR2032 Knopfzelle<\/li>\n<li>MATERIAL: BPA-freies Polypropylen<\/li>\n<li>GR\u00d6SSE: 4 x 2,5 x 1 cm<\/li>\n<li>GEWICHT: 28\u00a0g<\/li>\n<li>0 \u00b0C to + 70 \u00b0C<\/li>\n<li>TARIC-Code: 85437090<\/li>\n<li>TRANSPORTBOX (50 stuck): 58 cm x 21 cm x 15 cm, Gewicht 2 kg<\/li>\n<\/ul>\n<p>&nbsp;<\/p>\n","protected":false},"excerpt":{"rendered":"<p>Die intelligenteste Erinnerung an erh\u00f6hten Fl\u00fcssigkeitsbedarf<\/p>\n","protected":false},"featured_media":14062,"comment_status":"open","ping_status":"closed","template":"","meta":{"_acf_changed":false},"product_brand":[],"product_cat":[93],"product_tag":[],"class_list":{"0":"post-11043","1":"product","2":"type-product","3":"status-publish","4":"has-post-thumbnail","6":"product_cat-uncategorized-de","8":"first","9":"instock","10":"taxable","11":"shipping-taxable","12":"product-type-simple"},"acf":[],"yoast_head":"<!-- This site is optimized with the Yoast SEO plugin v27.4 - https:\/\/yoast.com\/product\/yoast-seo-wordpress\/ -->\n<title>Ulla - Trink-Erinnerung - Invented4<\/title>\n<meta name=\"robots\" content=\"index, follow, max-snippet:-1, max-image-preview:large, max-video-preview:-1\" \/>\n<link rel=\"canonical\" href=\"https:\/\/invented4.gifts\/de\/produkt\/ulla\/\" \/>\n<meta property=\"og:locale\" content=\"de_DE\" \/>\n<meta property=\"og:type\" content=\"article\" \/>\n<meta property=\"og:title\" content=\"Ulla - Trink-Erinnerung - Invented4\" \/>\n<meta property=\"og:description\" content=\"Die intelligenteste Erinnerung an erh\u00f6hten Fl\u00fcssigkeitsbedarf\" \/>\n<meta property=\"og:url\" content=\"https:\/\/invented4.gifts\/de\/produkt\/ulla\/\" \/>\n<meta property=\"og:site_name\" content=\"Invented4\" \/>\n<meta property=\"article:modified_time\" content=\"2024-10-22T09:25:53+00:00\" \/>\n<meta property=\"og:image\" content=\"https:\/\/invented4.gifts\/wp-content\/uploads\/2022\/08\/202309-4.png?_t=1729589153\" \/>\n\t<meta property=\"og:image:width\" content=\"900\" \/>\n\t<meta property=\"og:image:height\" content=\"900\" \/>\n\t<meta property=\"og:image:type\" content=\"image\/png\" \/>\n<meta name=\"twitter:card\" content=\"summary_large_image\" \/>\n<meta name=\"twitter:label1\" content=\"Est. reading time\" \/>\n\t<meta name=\"twitter:data1\" content=\"2 Minuten\" \/>\n<script type=\"application\/ld+json\" class=\"yoast-schema-graph\">{\"@context\":\"https:\\\/\\\/schema.org\",\"@graph\":[{\"@type\":\"WebPage\",\"@id\":\"https:\\\/\\\/invented4.gifts\\\/de\\\/produkt\\\/ulla\\\/\",\"url\":\"https:\\\/\\\/invented4.gifts\\\/de\\\/produkt\\\/ulla\\\/\",\"name\":\"Ulla - Trink-Erinnerung - Invented4\",\"isPartOf\":{\"@id\":\"https:\\\/\\\/invented4.gifts\\\/#website\"},\"primaryImageOfPage\":{\"@id\":\"https:\\\/\\\/invented4.gifts\\\/de\\\/produkt\\\/ulla\\\/#primaryimage\"},\"image\":{\"@id\":\"https:\\\/\\\/invented4.gifts\\\/de\\\/produkt\\\/ulla\\\/#primaryimage\"},\"thumbnailUrl\":\"https:\\\/\\\/invented4.gifts\\\/wp-content\\\/uploads\\\/2022\\\/08\\\/202309-4.png\",\"datePublished\":\"2022-08-17T07:06:16+00:00\",\"dateModified\":\"2024-10-22T09:25:53+00:00\",\"breadcrumb\":{\"@id\":\"https:\\\/\\\/invented4.gifts\\\/de\\\/produkt\\\/ulla\\\/#breadcrumb\"},\"inLanguage\":\"de-DE\",\"potentialAction\":[{\"@type\":\"ReadAction\",\"target\":[\"https:\\\/\\\/invented4.gifts\\\/de\\\/produkt\\\/ulla\\\/\"]}]},{\"@type\":\"ImageObject\",\"inLanguage\":\"de-DE\",\"@id\":\"https:\\\/\\\/invented4.gifts\\\/de\\\/produkt\\\/ulla\\\/#primaryimage\",\"url\":\"https:\\\/\\\/invented4.gifts\\\/wp-content\\\/uploads\\\/2022\\\/08\\\/202309-4.png\",\"contentUrl\":\"https:\\\/\\\/invented4.gifts\\\/wp-content\\\/uploads\\\/2022\\\/08\\\/202309-4.png\",\"width\":900,\"height\":900,\"caption\":\"Ulla smart hydration reminder on desk with man working on computer\"},{\"@type\":\"BreadcrumbList\",\"@id\":\"https:\\\/\\\/invented4.gifts\\\/de\\\/produkt\\\/ulla\\\/#breadcrumb\",\"itemListElement\":[{\"@type\":\"ListItem\",\"position\":1,\"name\":\"Home\",\"item\":\"https:\\\/\\\/invented4.gifts\\\/\"},{\"@type\":\"ListItem\",\"position\":2,\"name\":\"Produkte einkaufen\",\"item\":\"https:\\\/\\\/invented4.gifts\\\/shop-products\\\/\"},{\"@type\":\"ListItem\",\"position\":3,\"name\":\"Ulla &#8211; Trink-Erinnerung\"}]},{\"@type\":\"WebSite\",\"@id\":\"https:\\\/\\\/invented4.gifts\\\/#website\",\"url\":\"https:\\\/\\\/invented4.gifts\\\/\",\"name\":\"Invented4\",\"description\":\"\",\"potentialAction\":[{\"@type\":\"SearchAction\",\"target\":{\"@type\":\"EntryPoint\",\"urlTemplate\":\"https:\\\/\\\/invented4.gifts\\\/?s={search_term_string}\"},\"query-input\":{\"@type\":\"PropertyValueSpecification\",\"valueRequired\":true,\"valueName\":\"search_term_string\"}}],\"inLanguage\":\"de-DE\"}]}<\/script>\n<!-- \/ Yoast SEO plugin. -->","yoast_head_json":{"title":"Ulla - Trink-Erinnerung - Invented4","robots":{"index":"index","follow":"follow","max-snippet":"max-snippet:-1","max-image-preview":"max-image-preview:large","max-video-preview":"max-video-preview:-1"},"canonical":"https:\/\/invented4.gifts\/de\/produkt\/ulla\/","og_locale":"de_DE","og_type":"article","og_title":"Ulla - Trink-Erinnerung - Invented4","og_description":"Die intelligenteste Erinnerung an erh\u00f6hten Fl\u00fcssigkeitsbedarf","og_url":"https:\/\/invented4.gifts\/de\/produkt\/ulla\/","og_site_name":"Invented4","article_modified_time":"2024-10-22T09:25:53+00:00","og_image":[{"width":900,"height":900,"url":"https:\/\/invented4.gifts\/wp-content\/uploads\/2022\/08\/202309-4.png?_t=1729589153","type":"image\/png"}],"twitter_card":"summary_large_image","twitter_misc":{"Est. reading time":"2 Minuten"},"schema":{"@context":"https:\/\/schema.org","@graph":[{"@type":"WebPage","@id":"https:\/\/invented4.gifts\/de\/produkt\/ulla\/","url":"https:\/\/invented4.gifts\/de\/produkt\/ulla\/","name":"Ulla - Trink-Erinnerung - Invented4","isPartOf":{"@id":"https:\/\/invented4.gifts\/#website"},"primaryImageOfPage":{"@id":"https:\/\/invented4.gifts\/de\/produkt\/ulla\/#primaryimage"},"image":{"@id":"https:\/\/invented4.gifts\/de\/produkt\/ulla\/#primaryimage"},"thumbnailUrl":"https:\/\/invented4.gifts\/wp-content\/uploads\/2022\/08\/202309-4.png","datePublished":"2022-08-17T07:06:16+00:00","dateModified":"2024-10-22T09:25:53+00:00","breadcrumb":{"@id":"https:\/\/invented4.gifts\/de\/produkt\/ulla\/#breadcrumb"},"inLanguage":"de-DE","potentialAction":[{"@type":"ReadAction","target":["https:\/\/invented4.gifts\/de\/produkt\/ulla\/"]}]},{"@type":"ImageObject","inLanguage":"de-DE","@id":"https:\/\/invented4.gifts\/de\/produkt\/ulla\/#primaryimage","url":"https:\/\/invented4.gifts\/wp-content\/uploads\/2022\/08\/202309-4.png","contentUrl":"https:\/\/invented4.gifts\/wp-content\/uploads\/2022\/08\/202309-4.png","width":900,"height":900,"caption":"Ulla smart hydration reminder on desk with man working on computer"},{"@type":"BreadcrumbList","@id":"https:\/\/invented4.gifts\/de\/produkt\/ulla\/#breadcrumb","itemListElement":[{"@type":"ListItem","position":1,"name":"Home","item":"https:\/\/invented4.gifts\/"},{"@type":"ListItem","position":2,"name":"Produkte einkaufen","item":"https:\/\/invented4.gifts\/shop-products\/"},{"@type":"ListItem","position":3,"name":"Ulla &#8211; Trink-Erinnerung"}]},{"@type":"WebSite","@id":"https:\/\/invented4.gifts\/#website","url":"https:\/\/invented4.gifts\/","name":"Invented4","description":"","potentialAction":[{"@type":"SearchAction","target":{"@type":"EntryPoint","urlTemplate":"https:\/\/invented4.gifts\/?s={search_term_string}"},"query-input":{"@type":"PropertyValueSpecification","valueRequired":true,"valueName":"search_term_string"}}],"inLanguage":"de-DE"}]}},"_links":{"self":[{"href":"https:\/\/invented4.gifts\/de\/wp-json\/wp\/v2\/product\/11043","targetHints":{"allow":["GET"]}}],"collection":[{"href":"https:\/\/invented4.gifts\/de\/wp-json\/wp\/v2\/product"}],"about":[{"href":"https:\/\/invented4.gifts\/de\/wp-json\/wp\/v2\/types\/product"}],"replies":[{"embeddable":true,"href":"https:\/\/invented4.gifts\/de\/wp-json\/wp\/v2\/comments?post=11043"}],"wp:featuredmedia":[{"embeddable":true,"href":"https:\/\/invented4.gifts\/de\/wp-json\/wp\/v2\/media\/14062"}],"wp:attachment":[{"href":"https:\/\/invented4.gifts\/de\/wp-json\/wp\/v2\/media?parent=11043"}],"wp:term":[{"taxonomy":"product_brand","embeddable":true,"href":"https:\/\/invented4.gifts\/de\/wp-json\/wp\/v2\/product_brand?post=11043"},{"taxonomy":"product_cat","embeddable":true,"href":"https:\/\/invented4.gifts\/de\/wp-json\/wp\/v2\/product_cat?post=11043"},{"taxonomy":"product_tag","embeddable":true,"href":"https:\/\/invented4.gifts\/de\/wp-json\/wp\/v2\/product_tag?post=11043"}],"curies":[{"name":"wp","href":"https:\/\/api.w.org\/{rel}","templated":true}]}}