{"id":11042,"date":"2022-08-17T08:55:17","date_gmt":"2022-08-17T06:55:17","guid":{"rendered":"https:\/\/invented4.gifts\/?post_type=product&#038;p=11042"},"modified":"2024-02-26T12:26:16","modified_gmt":"2024-02-26T11:26:16","slug":"salat-set","status":"publish","type":"product","link":"https:\/\/invented4.gifts\/de\/produkt\/salat-set\/","title":{"rendered":"Nachhaltiges Salat-Set"},"content":{"rendered":"<p>Unser Ziel ist es, durch die Kombination von zeitgem\u00e4\u00dfem Design und langj\u00e4hrigem handwerklichen K\u00f6nnen ansprechende, benutzerfreundliche und gut gestaltete Produkte herzustellen, die ausschlie\u00dflich aus lokalem Buchenholz gefertigt werden. Bei Leis wollen wir die jahrhundertealte Tradition des slowenischen Handwerks mit unverwechselbaren, benutzer- und naturfreundlichen Holzprodukten wiederbeleben. Handgefertigt in Slowenien aus einheimischem Buchenholz. Leis macht eine moderne Version des traditionellen Holzhandwerks, das urspr\u00fcnglich aus Slowenien stammt und in einem der waldreichsten Gebiete Europas angesiedelt ist. Entworfen und hergestellt in Slowenien f\u00fcr Menschen mit gutem Geschmack.<\/p>\n<p><strong>\u00a0<\/strong><\/p>\n<p>Hauptmerkmale:<\/p>\n<ul>\n<li>Nachhaltige Materialien: Massives Buchenholz (FSC-zertifiziert), Magnet.<\/li>\n<li>Gesch\u00fctztes Design.<\/li>\n<li>Die erh\u00f6hte Spitze verhindert das Verschmutzen Ihrer K\u00fcchentheke.<\/li>\n<li>Integrierte Magnete erm\u00f6glichen eine einfache Lagerung an allen Metalloberfl\u00e4chen.<\/li>\n<li>Die gebogene Form erm\u00f6glicht eine einfache Handhabung.<\/li>\n<li>HS\/TARIC-Code: 76151080.<\/li>\n<li>Hergestellt in der EU (Slowenien).<\/li>\n<li>Verpackung.<\/li>\n<li>St\u00fcck\/Packung: 2 St\u00fcck.<\/li>\n<li>Kartonabmessungen (cm): 38 \u00d7 8 \u00d7 8.<\/li>\n<li>Gewicht des Sets (kg): 0,13.<\/li>\n<li>Set-Anzahl in Transportbox: 15.<\/li>\n<li>Abmessungen der Transportbox (cm): 40 \u00d7 30 \u00d7 18.<\/li>\n<li>Gewicht der Transportbox (kg): 2,9<\/li>\n<\/ul>\n","protected":false},"excerpt":{"rendered":"<p>Modernes Design kombiniert mit jahrhundertealter Handwerkskunst<\/p>\n","protected":false},"featured_media":9187,"comment_status":"open","ping_status":"closed","template":"","meta":{"_acf_changed":false},"product_brand":[],"product_cat":[93],"product_tag":[],"class_list":{"0":"post-11042","1":"product","2":"type-product","3":"status-publish","4":"has-post-thumbnail","6":"product_cat-uncategorized-de","8":"first","9":"instock","10":"taxable","11":"shipping-taxable","12":"product-type-simple"},"acf":[],"yoast_head":"<!-- This site is optimized with the Yoast SEO plugin v27.4 - https:\/\/yoast.com\/product\/yoast-seo-wordpress\/ -->\n<title>Nachhaltiges Salat-Set - Invented4<\/title>\n<meta name=\"robots\" content=\"index, follow, max-snippet:-1, max-image-preview:large, max-video-preview:-1\" \/>\n<link rel=\"canonical\" href=\"https:\/\/invented4.gifts\/de\/produkt\/salat-set\/\" \/>\n<meta property=\"og:locale\" content=\"de_DE\" \/>\n<meta property=\"og:type\" content=\"article\" \/>\n<meta property=\"og:title\" content=\"Nachhaltiges Salat-Set - Invented4\" \/>\n<meta property=\"og:description\" content=\"Modernes Design kombiniert mit jahrhundertealter Handwerkskunst\" \/>\n<meta property=\"og:url\" content=\"https:\/\/invented4.gifts\/de\/produkt\/salat-set\/\" \/>\n<meta property=\"og:site_name\" content=\"Invented4\" \/>\n<meta property=\"article:modified_time\" content=\"2024-02-26T11:26:16+00:00\" \/>\n<meta property=\"og:image\" content=\"https:\/\/invented4.gifts\/wp-content\/uploads\/2022\/08\/1-Leis_salad_set_1000_2021.jpg?_t=1708946776\" \/>\n\t<meta property=\"og:image:width\" content=\"1000\" \/>\n\t<meta property=\"og:image:height\" content=\"1000\" \/>\n\t<meta property=\"og:image:type\" content=\"image\/jpeg\" \/>\n<meta name=\"twitter:card\" content=\"summary_large_image\" \/>\n<meta name=\"twitter:label1\" content=\"Est. reading time\" \/>\n\t<meta name=\"twitter:data1\" content=\"1 Minute\" \/>\n<script type=\"application\/ld+json\" class=\"yoast-schema-graph\">{\"@context\":\"https:\\\/\\\/schema.org\",\"@graph\":[{\"@type\":\"WebPage\",\"@id\":\"https:\\\/\\\/invented4.gifts\\\/de\\\/produkt\\\/salat-set\\\/\",\"url\":\"https:\\\/\\\/invented4.gifts\\\/de\\\/produkt\\\/salat-set\\\/\",\"name\":\"Nachhaltiges Salat-Set - Invented4\",\"isPartOf\":{\"@id\":\"https:\\\/\\\/invented4.gifts\\\/#website\"},\"primaryImageOfPage\":{\"@id\":\"https:\\\/\\\/invented4.gifts\\\/de\\\/produkt\\\/salat-set\\\/#primaryimage\"},\"image\":{\"@id\":\"https:\\\/\\\/invented4.gifts\\\/de\\\/produkt\\\/salat-set\\\/#primaryimage\"},\"thumbnailUrl\":\"https:\\\/\\\/invented4.gifts\\\/wp-content\\\/uploads\\\/2022\\\/08\\\/1-Leis_salad_set_1000_2021.jpg\",\"datePublished\":\"2022-08-17T06:55:17+00:00\",\"dateModified\":\"2024-02-26T11:26:16+00:00\",\"breadcrumb\":{\"@id\":\"https:\\\/\\\/invented4.gifts\\\/de\\\/produkt\\\/salat-set\\\/#breadcrumb\"},\"inLanguage\":\"de-DE\",\"potentialAction\":[{\"@type\":\"ReadAction\",\"target\":[\"https:\\\/\\\/invented4.gifts\\\/de\\\/produkt\\\/salat-set\\\/\"]}]},{\"@type\":\"ImageObject\",\"inLanguage\":\"de-DE\",\"@id\":\"https:\\\/\\\/invented4.gifts\\\/de\\\/produkt\\\/salat-set\\\/#primaryimage\",\"url\":\"https:\\\/\\\/invented4.gifts\\\/wp-content\\\/uploads\\\/2022\\\/08\\\/1-Leis_salad_set_1000_2021.jpg\",\"contentUrl\":\"https:\\\/\\\/invented4.gifts\\\/wp-content\\\/uploads\\\/2022\\\/08\\\/1-Leis_salad_set_1000_2021.jpg\",\"width\":1000,\"height\":1000},{\"@type\":\"BreadcrumbList\",\"@id\":\"https:\\\/\\\/invented4.gifts\\\/de\\\/produkt\\\/salat-set\\\/#breadcrumb\",\"itemListElement\":[{\"@type\":\"ListItem\",\"position\":1,\"name\":\"Home\",\"item\":\"https:\\\/\\\/invented4.gifts\\\/\"},{\"@type\":\"ListItem\",\"position\":2,\"name\":\"Produkte einkaufen\",\"item\":\"https:\\\/\\\/invented4.gifts\\\/shop-products\\\/\"},{\"@type\":\"ListItem\",\"position\":3,\"name\":\"Nachhaltiges Salat-Set\"}]},{\"@type\":\"WebSite\",\"@id\":\"https:\\\/\\\/invented4.gifts\\\/#website\",\"url\":\"https:\\\/\\\/invented4.gifts\\\/\",\"name\":\"Invented4\",\"description\":\"\",\"potentialAction\":[{\"@type\":\"SearchAction\",\"target\":{\"@type\":\"EntryPoint\",\"urlTemplate\":\"https:\\\/\\\/invented4.gifts\\\/?s={search_term_string}\"},\"query-input\":{\"@type\":\"PropertyValueSpecification\",\"valueRequired\":true,\"valueName\":\"search_term_string\"}}],\"inLanguage\":\"de-DE\"}]}<\/script>\n<!-- \/ Yoast SEO plugin. -->","yoast_head_json":{"title":"Nachhaltiges Salat-Set - Invented4","robots":{"index":"index","follow":"follow","max-snippet":"max-snippet:-1","max-image-preview":"max-image-preview:large","max-video-preview":"max-video-preview:-1"},"canonical":"https:\/\/invented4.gifts\/de\/produkt\/salat-set\/","og_locale":"de_DE","og_type":"article","og_title":"Nachhaltiges Salat-Set - Invented4","og_description":"Modernes Design kombiniert mit jahrhundertealter Handwerkskunst","og_url":"https:\/\/invented4.gifts\/de\/produkt\/salat-set\/","og_site_name":"Invented4","article_modified_time":"2024-02-26T11:26:16+00:00","og_image":[{"width":1000,"height":1000,"url":"https:\/\/invented4.gifts\/wp-content\/uploads\/2022\/08\/1-Leis_salad_set_1000_2021.jpg?_t=1708946776","type":"image\/jpeg"}],"twitter_card":"summary_large_image","twitter_misc":{"Est. reading time":"1 Minute"},"schema":{"@context":"https:\/\/schema.org","@graph":[{"@type":"WebPage","@id":"https:\/\/invented4.gifts\/de\/produkt\/salat-set\/","url":"https:\/\/invented4.gifts\/de\/produkt\/salat-set\/","name":"Nachhaltiges Salat-Set - Invented4","isPartOf":{"@id":"https:\/\/invented4.gifts\/#website"},"primaryImageOfPage":{"@id":"https:\/\/invented4.gifts\/de\/produkt\/salat-set\/#primaryimage"},"image":{"@id":"https:\/\/invented4.gifts\/de\/produkt\/salat-set\/#primaryimage"},"thumbnailUrl":"https:\/\/invented4.gifts\/wp-content\/uploads\/2022\/08\/1-Leis_salad_set_1000_2021.jpg","datePublished":"2022-08-17T06:55:17+00:00","dateModified":"2024-02-26T11:26:16+00:00","breadcrumb":{"@id":"https:\/\/invented4.gifts\/de\/produkt\/salat-set\/#breadcrumb"},"inLanguage":"de-DE","potentialAction":[{"@type":"ReadAction","target":["https:\/\/invented4.gifts\/de\/produkt\/salat-set\/"]}]},{"@type":"ImageObject","inLanguage":"de-DE","@id":"https:\/\/invented4.gifts\/de\/produkt\/salat-set\/#primaryimage","url":"https:\/\/invented4.gifts\/wp-content\/uploads\/2022\/08\/1-Leis_salad_set_1000_2021.jpg","contentUrl":"https:\/\/invented4.gifts\/wp-content\/uploads\/2022\/08\/1-Leis_salad_set_1000_2021.jpg","width":1000,"height":1000},{"@type":"BreadcrumbList","@id":"https:\/\/invented4.gifts\/de\/produkt\/salat-set\/#breadcrumb","itemListElement":[{"@type":"ListItem","position":1,"name":"Home","item":"https:\/\/invented4.gifts\/"},{"@type":"ListItem","position":2,"name":"Produkte einkaufen","item":"https:\/\/invented4.gifts\/shop-products\/"},{"@type":"ListItem","position":3,"name":"Nachhaltiges Salat-Set"}]},{"@type":"WebSite","@id":"https:\/\/invented4.gifts\/#website","url":"https:\/\/invented4.gifts\/","name":"Invented4","description":"","potentialAction":[{"@type":"SearchAction","target":{"@type":"EntryPoint","urlTemplate":"https:\/\/invented4.gifts\/?s={search_term_string}"},"query-input":{"@type":"PropertyValueSpecification","valueRequired":true,"valueName":"search_term_string"}}],"inLanguage":"de-DE"}]}},"_links":{"self":[{"href":"https:\/\/invented4.gifts\/de\/wp-json\/wp\/v2\/product\/11042","targetHints":{"allow":["GET"]}}],"collection":[{"href":"https:\/\/invented4.gifts\/de\/wp-json\/wp\/v2\/product"}],"about":[{"href":"https:\/\/invented4.gifts\/de\/wp-json\/wp\/v2\/types\/product"}],"replies":[{"embeddable":true,"href":"https:\/\/invented4.gifts\/de\/wp-json\/wp\/v2\/comments?post=11042"}],"wp:featuredmedia":[{"embeddable":true,"href":"https:\/\/invented4.gifts\/de\/wp-json\/wp\/v2\/media\/9187"}],"wp:attachment":[{"href":"https:\/\/invented4.gifts\/de\/wp-json\/wp\/v2\/media?parent=11042"}],"wp:term":[{"taxonomy":"product_brand","embeddable":true,"href":"https:\/\/invented4.gifts\/de\/wp-json\/wp\/v2\/product_brand?post=11042"},{"taxonomy":"product_cat","embeddable":true,"href":"https:\/\/invented4.gifts\/de\/wp-json\/wp\/v2\/product_cat?post=11042"},{"taxonomy":"product_tag","embeddable":true,"href":"https:\/\/invented4.gifts\/de\/wp-json\/wp\/v2\/product_tag?post=11042"}],"curies":[{"name":"wp","href":"https:\/\/api.w.org\/{rel}","templated":true}]}}