{"id":11041,"date":"2022-08-16T13:39:45","date_gmt":"2022-08-16T11:39:45","guid":{"rendered":"https:\/\/invented4.gifts\/?post_type=product&#038;p=11041"},"modified":"2024-02-26T11:41:01","modified_gmt":"2024-02-26T10:41:01","slug":"nachfuellbarer-spruher","status":"publish","type":"product","link":"https:\/\/invented4.gifts\/de\/produkt\/nachfuellbarer-spruher\/","title":{"rendered":"Nachf\u00fcllbarer Spr\u00fcher"},"content":{"rendered":"<p>Der nachf\u00fcllbare Spr\u00fcher ist die bequemste, eleganteste und kosteng\u00fcnstigste L\u00f6sung f\u00fcr die H\u00e4ndedesinfektion f\u00fcr unterwegs. Es ist einfach zu benutzen (leicht zum \u00d6ffnen) und l\u00e4sst sich in Sekundenschnelle nachf\u00fcllen. Ein hochwertiger, auslaufsicherer Spr\u00fcher, der mit fl\u00fcssigem Handdesinfektionsmittel, aber auch mit Parf\u00fcm, Duftstoffen, Wasser, M\u00fcckenschutzmittel usw. aufgef\u00fcllt werden kann.<\/p>\n<p>&nbsp;<\/p>\n<p>Hauptmerkmale<\/p>\n<ul>\n<li>\u00d6ffnet sich mit einem Dreh<\/li>\n<li>Klein und tragbar<\/li>\n<li>Leicht nachf\u00fcllbar<\/li>\n<li>Umweltfreundliche und kosteng\u00fcnstige L\u00f6sun<\/li>\n<\/ul>\n<p>&nbsp;<\/p>\n<p><strong>Verf\u00fcgbare Farben<\/strong><\/p>\n<p>Der nachf\u00fcllbare Spray ist in Schwarz oder Wei\u00df mit einem silbernen Spr\u00fchaufsatz erh\u00e4ltlich.<\/p>\n<p>Ab einer Bestellmenge von 10.000 St\u00fcck k\u00f6nnen wir Ihnen individuelle Kunststofffarben anbieten.<\/p>\n<p>&nbsp;<\/p>\n<p><strong>Technische Merkmale<\/strong><\/p>\n<ul>\n<li>Fassungsverm\u00f6gen: 10 ml (150 Spr\u00fchst\u00f6\u00dfe, 3-5 Spr\u00fchst\u00f6\u00dfe pro Anwendung)<\/li>\n<li>Produktabmessungen: 104 mm \u00d7 23 mm; 36 g<\/li>\n<li>Verpackungsabmessungen: 128 mm \u00d7 24 mm \u00d7 25 mm<\/li>\n<li>Gewicht der Verpackung (einschlie\u00dflich Nachf\u00fclltrichter): 43 g<\/li>\n<li>Nachf\u00fclltrichter im Lieferumfang enthalten (Aluminium)<\/li>\n<li>Material: Metall, Glas, Kunststoff<\/li>\n<li>Standardfarben: Wei\u00df\/Silber, Schwarz<\/li>\n<\/ul>\n","protected":false},"excerpt":{"rendered":"<p>Ein nachf\u00fcllbares Spr\u00fchger\u00e4t f\u00fcr Handdesinfektionsmittel, Parf\u00fcm, M\u00fccken-\/Zeckenschutzmittel usw.<\/p>\n","protected":false},"featured_media":11861,"comment_status":"open","ping_status":"closed","template":"","meta":{"_acf_changed":false},"product_brand":[],"product_cat":[93],"product_tag":[],"class_list":{"0":"post-11041","1":"product","2":"type-product","3":"status-publish","4":"has-post-thumbnail","6":"product_cat-uncategorized-de","8":"first","9":"instock","10":"taxable","11":"shipping-taxable","12":"product-type-simple"},"acf":[],"yoast_head":"<!-- This site is optimized with the Yoast SEO plugin v27.4 - https:\/\/yoast.com\/product\/yoast-seo-wordpress\/ -->\n<title>Nachf\u00fcllbarer Spr\u00fcher - Invented4<\/title>\n<meta name=\"description\" content=\"Entdecken Sie den Komfort unseres nachf\u00fcllbaren Zerst\u00e4ubers. Verabschieden Sie sich von Leckagen und begr\u00fc\u00dfen Sie die Tragbarkeit dieses vielseitigen Zerst\u00e4ubers.\" \/>\n<meta name=\"robots\" content=\"index, follow, max-snippet:-1, max-image-preview:large, max-video-preview:-1\" \/>\n<link rel=\"canonical\" href=\"https:\/\/invented4.gifts\/de\/produkt\/nachfuellbarer-spruher\/\" \/>\n<meta property=\"og:locale\" content=\"de_DE\" \/>\n<meta property=\"og:type\" content=\"article\" \/>\n<meta property=\"og:title\" content=\"Nachf\u00fcllbarer Spr\u00fcher - Invented4\" \/>\n<meta property=\"og:description\" content=\"Entdecken Sie den Komfort unseres nachf\u00fcllbaren Zerst\u00e4ubers. Verabschieden Sie sich von Leckagen und begr\u00fc\u00dfen Sie die Tragbarkeit dieses vielseitigen Zerst\u00e4ubers.\" \/>\n<meta property=\"og:url\" content=\"https:\/\/invented4.gifts\/de\/produkt\/nachfuellbarer-spruher\/\" \/>\n<meta property=\"og:site_name\" content=\"Invented4\" \/>\n<meta property=\"article:modified_time\" content=\"2024-02-26T10:41:01+00:00\" \/>\n<meta property=\"og:image\" content=\"https:\/\/invented4.gifts\/wp-content\/uploads\/2022\/08\/2-4.jpg?_t=1708944061\" \/>\n\t<meta property=\"og:image:width\" content=\"1920\" \/>\n\t<meta property=\"og:image:height\" content=\"1640\" \/>\n\t<meta property=\"og:image:type\" content=\"image\/jpeg\" \/>\n<meta name=\"twitter:card\" content=\"summary_large_image\" \/>\n<meta name=\"twitter:label1\" content=\"Est. reading time\" \/>\n\t<meta name=\"twitter:data1\" content=\"1 Minute\" \/>\n<script type=\"application\/ld+json\" class=\"yoast-schema-graph\">{\"@context\":\"https:\\\/\\\/schema.org\",\"@graph\":[{\"@type\":\"WebPage\",\"@id\":\"https:\\\/\\\/invented4.gifts\\\/de\\\/produkt\\\/nachfuellbarer-spruher\\\/\",\"url\":\"https:\\\/\\\/invented4.gifts\\\/de\\\/produkt\\\/nachfuellbarer-spruher\\\/\",\"name\":\"Nachf\u00fcllbarer Spr\u00fcher - Invented4\",\"isPartOf\":{\"@id\":\"https:\\\/\\\/invented4.gifts\\\/#website\"},\"primaryImageOfPage\":{\"@id\":\"https:\\\/\\\/invented4.gifts\\\/de\\\/produkt\\\/nachfuellbarer-spruher\\\/#primaryimage\"},\"image\":{\"@id\":\"https:\\\/\\\/invented4.gifts\\\/de\\\/produkt\\\/nachfuellbarer-spruher\\\/#primaryimage\"},\"thumbnailUrl\":\"https:\\\/\\\/invented4.gifts\\\/wp-content\\\/uploads\\\/2022\\\/08\\\/2-4.jpg\",\"datePublished\":\"2022-08-16T11:39:45+00:00\",\"dateModified\":\"2024-02-26T10:41:01+00:00\",\"description\":\"Entdecken Sie den Komfort unseres nachf\u00fcllbaren Zerst\u00e4ubers. Verabschieden Sie sich von Leckagen und begr\u00fc\u00dfen Sie die Tragbarkeit dieses vielseitigen Zerst\u00e4ubers.\",\"breadcrumb\":{\"@id\":\"https:\\\/\\\/invented4.gifts\\\/de\\\/produkt\\\/nachfuellbarer-spruher\\\/#breadcrumb\"},\"inLanguage\":\"de-DE\",\"potentialAction\":[{\"@type\":\"ReadAction\",\"target\":[\"https:\\\/\\\/invented4.gifts\\\/de\\\/produkt\\\/nachfuellbarer-spruher\\\/\"]}]},{\"@type\":\"ImageObject\",\"inLanguage\":\"de-DE\",\"@id\":\"https:\\\/\\\/invented4.gifts\\\/de\\\/produkt\\\/nachfuellbarer-spruher\\\/#primaryimage\",\"url\":\"https:\\\/\\\/invented4.gifts\\\/wp-content\\\/uploads\\\/2022\\\/08\\\/2-4.jpg\",\"contentUrl\":\"https:\\\/\\\/invented4.gifts\\\/wp-content\\\/uploads\\\/2022\\\/08\\\/2-4.jpg\",\"width\":1920,\"height\":1640},{\"@type\":\"BreadcrumbList\",\"@id\":\"https:\\\/\\\/invented4.gifts\\\/de\\\/produkt\\\/nachfuellbarer-spruher\\\/#breadcrumb\",\"itemListElement\":[{\"@type\":\"ListItem\",\"position\":1,\"name\":\"Home\",\"item\":\"https:\\\/\\\/invented4.gifts\\\/\"},{\"@type\":\"ListItem\",\"position\":2,\"name\":\"Produkte einkaufen\",\"item\":\"https:\\\/\\\/invented4.gifts\\\/shop-products\\\/\"},{\"@type\":\"ListItem\",\"position\":3,\"name\":\"Nachf\u00fcllbarer Spr\u00fcher\"}]},{\"@type\":\"WebSite\",\"@id\":\"https:\\\/\\\/invented4.gifts\\\/#website\",\"url\":\"https:\\\/\\\/invented4.gifts\\\/\",\"name\":\"Invented4\",\"description\":\"\",\"potentialAction\":[{\"@type\":\"SearchAction\",\"target\":{\"@type\":\"EntryPoint\",\"urlTemplate\":\"https:\\\/\\\/invented4.gifts\\\/?s={search_term_string}\"},\"query-input\":{\"@type\":\"PropertyValueSpecification\",\"valueRequired\":true,\"valueName\":\"search_term_string\"}}],\"inLanguage\":\"de-DE\"}]}<\/script>\n<!-- \/ Yoast SEO plugin. -->","yoast_head_json":{"title":"Nachf\u00fcllbarer Spr\u00fcher - Invented4","description":"Entdecken Sie den Komfort unseres nachf\u00fcllbaren Zerst\u00e4ubers. Verabschieden Sie sich von Leckagen und begr\u00fc\u00dfen Sie die Tragbarkeit dieses vielseitigen Zerst\u00e4ubers.","robots":{"index":"index","follow":"follow","max-snippet":"max-snippet:-1","max-image-preview":"max-image-preview:large","max-video-preview":"max-video-preview:-1"},"canonical":"https:\/\/invented4.gifts\/de\/produkt\/nachfuellbarer-spruher\/","og_locale":"de_DE","og_type":"article","og_title":"Nachf\u00fcllbarer Spr\u00fcher - Invented4","og_description":"Entdecken Sie den Komfort unseres nachf\u00fcllbaren Zerst\u00e4ubers. Verabschieden Sie sich von Leckagen und begr\u00fc\u00dfen Sie die Tragbarkeit dieses vielseitigen Zerst\u00e4ubers.","og_url":"https:\/\/invented4.gifts\/de\/produkt\/nachfuellbarer-spruher\/","og_site_name":"Invented4","article_modified_time":"2024-02-26T10:41:01+00:00","og_image":[{"width":1920,"height":1640,"url":"https:\/\/invented4.gifts\/wp-content\/uploads\/2022\/08\/2-4.jpg?_t=1708944061","type":"image\/jpeg"}],"twitter_card":"summary_large_image","twitter_misc":{"Est. reading time":"1 Minute"},"schema":{"@context":"https:\/\/schema.org","@graph":[{"@type":"WebPage","@id":"https:\/\/invented4.gifts\/de\/produkt\/nachfuellbarer-spruher\/","url":"https:\/\/invented4.gifts\/de\/produkt\/nachfuellbarer-spruher\/","name":"Nachf\u00fcllbarer Spr\u00fcher - Invented4","isPartOf":{"@id":"https:\/\/invented4.gifts\/#website"},"primaryImageOfPage":{"@id":"https:\/\/invented4.gifts\/de\/produkt\/nachfuellbarer-spruher\/#primaryimage"},"image":{"@id":"https:\/\/invented4.gifts\/de\/produkt\/nachfuellbarer-spruher\/#primaryimage"},"thumbnailUrl":"https:\/\/invented4.gifts\/wp-content\/uploads\/2022\/08\/2-4.jpg","datePublished":"2022-08-16T11:39:45+00:00","dateModified":"2024-02-26T10:41:01+00:00","description":"Entdecken Sie den Komfort unseres nachf\u00fcllbaren Zerst\u00e4ubers. Verabschieden Sie sich von Leckagen und begr\u00fc\u00dfen Sie die Tragbarkeit dieses vielseitigen Zerst\u00e4ubers.","breadcrumb":{"@id":"https:\/\/invented4.gifts\/de\/produkt\/nachfuellbarer-spruher\/#breadcrumb"},"inLanguage":"de-DE","potentialAction":[{"@type":"ReadAction","target":["https:\/\/invented4.gifts\/de\/produkt\/nachfuellbarer-spruher\/"]}]},{"@type":"ImageObject","inLanguage":"de-DE","@id":"https:\/\/invented4.gifts\/de\/produkt\/nachfuellbarer-spruher\/#primaryimage","url":"https:\/\/invented4.gifts\/wp-content\/uploads\/2022\/08\/2-4.jpg","contentUrl":"https:\/\/invented4.gifts\/wp-content\/uploads\/2022\/08\/2-4.jpg","width":1920,"height":1640},{"@type":"BreadcrumbList","@id":"https:\/\/invented4.gifts\/de\/produkt\/nachfuellbarer-spruher\/#breadcrumb","itemListElement":[{"@type":"ListItem","position":1,"name":"Home","item":"https:\/\/invented4.gifts\/"},{"@type":"ListItem","position":2,"name":"Produkte einkaufen","item":"https:\/\/invented4.gifts\/shop-products\/"},{"@type":"ListItem","position":3,"name":"Nachf\u00fcllbarer Spr\u00fcher"}]},{"@type":"WebSite","@id":"https:\/\/invented4.gifts\/#website","url":"https:\/\/invented4.gifts\/","name":"Invented4","description":"","potentialAction":[{"@type":"SearchAction","target":{"@type":"EntryPoint","urlTemplate":"https:\/\/invented4.gifts\/?s={search_term_string}"},"query-input":{"@type":"PropertyValueSpecification","valueRequired":true,"valueName":"search_term_string"}}],"inLanguage":"de-DE"}]}},"_links":{"self":[{"href":"https:\/\/invented4.gifts\/de\/wp-json\/wp\/v2\/product\/11041","targetHints":{"allow":["GET"]}}],"collection":[{"href":"https:\/\/invented4.gifts\/de\/wp-json\/wp\/v2\/product"}],"about":[{"href":"https:\/\/invented4.gifts\/de\/wp-json\/wp\/v2\/types\/product"}],"replies":[{"embeddable":true,"href":"https:\/\/invented4.gifts\/de\/wp-json\/wp\/v2\/comments?post=11041"}],"wp:featuredmedia":[{"embeddable":true,"href":"https:\/\/invented4.gifts\/de\/wp-json\/wp\/v2\/media\/11861"}],"wp:attachment":[{"href":"https:\/\/invented4.gifts\/de\/wp-json\/wp\/v2\/media?parent=11041"}],"wp:term":[{"taxonomy":"product_brand","embeddable":true,"href":"https:\/\/invented4.gifts\/de\/wp-json\/wp\/v2\/product_brand?post=11041"},{"taxonomy":"product_cat","embeddable":true,"href":"https:\/\/invented4.gifts\/de\/wp-json\/wp\/v2\/product_cat?post=11041"},{"taxonomy":"product_tag","embeddable":true,"href":"https:\/\/invented4.gifts\/de\/wp-json\/wp\/v2\/product_tag?post=11041"}],"curies":[{"name":"wp","href":"https:\/\/api.w.org\/{rel}","templated":true}]}}