{"id":11039,"date":"2022-08-16T13:33:31","date_gmt":"2022-08-16T11:33:31","guid":{"rendered":"https:\/\/invented4.gifts\/?post_type=product&#038;p=11039"},"modified":"2022-10-28T14:59:41","modified_gmt":"2022-10-28T12:59:41","slug":"play-to-make-it-happen-2","status":"publish","type":"product","link":"https:\/\/invented4.gifts\/de\/produkt\/play-to-make-it-happen-2\/","title":{"rendered":"Play To Make It Happen"},"content":{"rendered":"<h3>\u00dcBER DAS SPIEL<\/h3>\n<p><strong>Play to make it happen<\/strong>\u00a0ist die erste Zielsetzungshilfe in Form eines Brettspiels. Seine forschungsbasierten und evidenzbasierten Inhalte helfen dabei, seine Ziele effektiv zu erreichen. Das Spiel besteht aus allen notwendigen Schritten, die zu ber\u00fccksichtigen sind, wenn man ein Ziel erreichen will \u2013 von der Wahl des Unterst\u00fctzungssystems \u00fcber das Verstehen des &#8222;Warum&#8220; bis hin zur Einstellung des Gehirns auf Erfolg. Eine geplante Vision, kleine umsetzbare Schritte und Instrumente f\u00fcr eine widerstandsf\u00e4hige Denkweise sind alles, was Sie brauchen, um Ihre Tr\u00e4ume zu verwirklichen.<\/p>\n<p><strong>\u00a0<\/strong><\/p>\n<p>Wie funktioniert es?<\/p>\n<p>Das Spiel nimmt Sie mit auf eine gut durchdachte Reise, bei der jede Station ein Zielsetzungsthema behandelt. Schritt f\u00fcr Schritt, in einem Zeitrahmen von ca. 2 Stunden, werden Sie einen vollst\u00e4ndig ausgearbeiteten Aktionsplan haben, zusammen mit leistungsstarken psychologischen Instrumenten, um motiviert und zuversichtlich zu bleiben, w\u00e4hrend Sie Ihr Ziel verfolgen. Haben wir vergessen zu erw\u00e4hnen, dass es Spa\u00df macht? <span style=\"font-style: normal !msorm;\"><em>Make it Happen<\/em><\/span> ist vor allem unterhaltsam und spannend, genauso, wie die Planung und Gestaltung Ihrer Zukunft sein sollte!<\/p>\n<p>&nbsp;<\/p>\n<p>Warum ist es wichtig, Ziele zu setzen?<\/p>\n<p>&#8211; Ziele geben uns ein Gef\u00fchl von Sinn und Richtung in unserem Leben, da wir wissen, wohin wir uns bewegen.<br \/>\n&#8211; Zu wissen, was wir wollen, erh\u00f6ht unsere Motivation und st\u00e4rkt unsere Bem\u00fchungen.<br \/>\n&#8211; Ziele st\u00e4rken unser Selbstvertrauen, da sie \u00fcberw\u00e4ltigende Aufgaben in kleinere, leichter zu bew\u00e4ltigende Schritte unterteilen.<br \/>\n&#8211; Wenn wir Ziele haben, f\u00fchlen wir uns gut, weil wir danach streben, die beste Version von uns selbst zu sein.<\/p>\n<p>&#8211; Wenn wir unsere Visionen und Tr\u00e4ume aufschreiben und planen, erh\u00f6hen sich unsere Chancen, sie zu verwirklichen.<\/p>\n<p>&nbsp;<\/p>\n<p>\u00dcBER DIE AUTORIN<\/p>\n<p>Sara lsakovi\u0107 ist Olympia-Silbermedaillengewinnerin, Europameisterin und dreifache NCAA-Meisterin. Sie schloss ihr Psychologiestudium an der University of California, Berkeley, ab, bevor sie in San Diego einen Master in Leistungspsychologie erwarb. Sie ist eine bekannte Forscherin auf dem Gebiet der Neurowissenschaften sowie Autorin, TEDx-Sprecherin, Dozentin und Hauptrednerin. Ihre gr\u00f6\u00dfte Leidenschaft ist es, Menschen zu inspirieren, mutig und achtsam zu leben und ihnen zu helfen, ihr Potenzial zu entfalten.<\/p>\n<p>&nbsp;<\/p>\n<p>Hauptmerkmale<\/p>\n<ul>\n<li>Umweltfreundliches Produkt, hergestellt in der EU.<\/li>\n<li>F\u00f6rdert Nachhaltigkeit und soziale Verantwortung.<\/li>\n<li>Vermittelt eine tiefe, emotionale Botschaft.<\/li>\n<li>Ein &#8222;Muss&#8220; f\u00fcr jeden Haushalt.<\/li>\n<li>Langfristige Verwendung.<\/li>\n<li>Individuelle Gestaltung mit Ihrem Logo\/Ihrer Marke.<\/li>\n<\/ul>\n<p>&nbsp;<\/p>\n<p>Technische Merkmale<\/p>\n<p><strong>Produkt (1 St\u00fcck):<\/strong><\/p>\n<p>33,1 cm \u00d7 23,6 cm \u00d7 3,7 cm; 0,82 kg<\/p>\n<p><strong>Transportbox (6 St\u00fcck):<\/strong><\/p>\n<p>337 cm \u00d7 242 cm \u00d7 234 cm; 4,30 kg<\/p>\n<p><strong>Europalette (420 Stk.):<\/strong><\/p>\n<p>80 cm \u00d7 120 cm \u00d7 180 cm; 350 kg<\/p>\n<p><strong>TARIC-Code:\u00a0<\/strong>4901 99 00 00<\/p>\n","protected":false},"excerpt":{"rendered":"<p>Ein leistungsf\u00e4higes Instrument zur Zielsetzung, das Ihnen hilft, Ihre Tr\u00e4ume zu verwirklichen<\/p>\n","protected":false},"featured_media":9134,"comment_status":"open","ping_status":"closed","template":"","meta":{"_acf_changed":false},"product_brand":[],"product_cat":[93],"product_tag":[],"class_list":{"0":"post-11039","1":"product","2":"type-product","3":"status-publish","4":"has-post-thumbnail","6":"product_cat-uncategorized-de","8":"first","9":"instock","10":"taxable","11":"shipping-taxable","12":"product-type-simple"},"acf":[],"yoast_head":"<!-- This site is optimized with the Yoast SEO plugin v27.4 - https:\/\/yoast.com\/product\/yoast-seo-wordpress\/ -->\n<title>Play To Make It Happen - Invented4<\/title>\n<meta name=\"robots\" content=\"index, follow, max-snippet:-1, max-image-preview:large, max-video-preview:-1\" \/>\n<link rel=\"canonical\" href=\"https:\/\/invented4.gifts\/de\/produkt\/play-to-make-it-happen-2\/\" \/>\n<meta property=\"og:locale\" content=\"de_DE\" \/>\n<meta property=\"og:type\" content=\"article\" \/>\n<meta property=\"og:title\" content=\"Play To Make It Happen - Invented4\" \/>\n<meta property=\"og:description\" content=\"Ein leistungsf\u00e4higes Instrument zur Zielsetzung, das Ihnen hilft, Ihre Tr\u00e4ume zu verwirklichen\" \/>\n<meta property=\"og:url\" content=\"https:\/\/invented4.gifts\/de\/produkt\/play-to-make-it-happen-2\/\" \/>\n<meta property=\"og:site_name\" content=\"Invented4\" \/>\n<meta property=\"article:modified_time\" content=\"2022-10-28T12:59:41+00:00\" \/>\n<meta property=\"og:image\" content=\"https:\/\/invented4.gifts\/wp-content\/uploads\/2022\/08\/1_BDS_3662-scaled.jpg?_t=1760102301\" \/>\n\t<meta property=\"og:image:width\" content=\"2560\" \/>\n\t<meta property=\"og:image:height\" content=\"2560\" \/>\n\t<meta property=\"og:image:type\" content=\"image\/jpeg\" \/>\n<meta name=\"twitter:card\" content=\"summary_large_image\" \/>\n<meta name=\"twitter:label1\" content=\"Est. reading time\" \/>\n\t<meta name=\"twitter:data1\" content=\"2 Minuten\" \/>\n<script type=\"application\/ld+json\" class=\"yoast-schema-graph\">{\"@context\":\"https:\\\/\\\/schema.org\",\"@graph\":[{\"@type\":\"WebPage\",\"@id\":\"https:\\\/\\\/invented4.gifts\\\/de\\\/produkt\\\/play-to-make-it-happen-2\\\/\",\"url\":\"https:\\\/\\\/invented4.gifts\\\/de\\\/produkt\\\/play-to-make-it-happen-2\\\/\",\"name\":\"Play To Make It Happen - Invented4\",\"isPartOf\":{\"@id\":\"https:\\\/\\\/invented4.gifts\\\/#website\"},\"primaryImageOfPage\":{\"@id\":\"https:\\\/\\\/invented4.gifts\\\/de\\\/produkt\\\/play-to-make-it-happen-2\\\/#primaryimage\"},\"image\":{\"@id\":\"https:\\\/\\\/invented4.gifts\\\/de\\\/produkt\\\/play-to-make-it-happen-2\\\/#primaryimage\"},\"thumbnailUrl\":\"https:\\\/\\\/invented4.gifts\\\/wp-content\\\/uploads\\\/2022\\\/08\\\/1_BDS_3662-scaled.jpg\",\"datePublished\":\"2022-08-16T11:33:31+00:00\",\"dateModified\":\"2022-10-28T12:59:41+00:00\",\"breadcrumb\":{\"@id\":\"https:\\\/\\\/invented4.gifts\\\/de\\\/produkt\\\/play-to-make-it-happen-2\\\/#breadcrumb\"},\"inLanguage\":\"de-DE\",\"potentialAction\":[{\"@type\":\"ReadAction\",\"target\":[\"https:\\\/\\\/invented4.gifts\\\/de\\\/produkt\\\/play-to-make-it-happen-2\\\/\"]}]},{\"@type\":\"ImageObject\",\"inLanguage\":\"de-DE\",\"@id\":\"https:\\\/\\\/invented4.gifts\\\/de\\\/produkt\\\/play-to-make-it-happen-2\\\/#primaryimage\",\"url\":\"https:\\\/\\\/invented4.gifts\\\/wp-content\\\/uploads\\\/2022\\\/08\\\/1_BDS_3662-scaled.jpg\",\"contentUrl\":\"https:\\\/\\\/invented4.gifts\\\/wp-content\\\/uploads\\\/2022\\\/08\\\/1_BDS_3662-scaled.jpg\",\"width\":1920,\"height\":1920},{\"@type\":\"BreadcrumbList\",\"@id\":\"https:\\\/\\\/invented4.gifts\\\/de\\\/produkt\\\/play-to-make-it-happen-2\\\/#breadcrumb\",\"itemListElement\":[{\"@type\":\"ListItem\",\"position\":1,\"name\":\"Home\",\"item\":\"https:\\\/\\\/invented4.gifts\\\/\"},{\"@type\":\"ListItem\",\"position\":2,\"name\":\"Produkte einkaufen\",\"item\":\"https:\\\/\\\/invented4.gifts\\\/shop-products\\\/\"},{\"@type\":\"ListItem\",\"position\":3,\"name\":\"Play To Make It Happen\"}]},{\"@type\":\"WebSite\",\"@id\":\"https:\\\/\\\/invented4.gifts\\\/#website\",\"url\":\"https:\\\/\\\/invented4.gifts\\\/\",\"name\":\"Invented4\",\"description\":\"\",\"potentialAction\":[{\"@type\":\"SearchAction\",\"target\":{\"@type\":\"EntryPoint\",\"urlTemplate\":\"https:\\\/\\\/invented4.gifts\\\/?s={search_term_string}\"},\"query-input\":{\"@type\":\"PropertyValueSpecification\",\"valueRequired\":true,\"valueName\":\"search_term_string\"}}],\"inLanguage\":\"de-DE\"}]}<\/script>\n<!-- \/ Yoast SEO plugin. -->","yoast_head_json":{"title":"Play To Make It Happen - Invented4","robots":{"index":"index","follow":"follow","max-snippet":"max-snippet:-1","max-image-preview":"max-image-preview:large","max-video-preview":"max-video-preview:-1"},"canonical":"https:\/\/invented4.gifts\/de\/produkt\/play-to-make-it-happen-2\/","og_locale":"de_DE","og_type":"article","og_title":"Play To Make It Happen - Invented4","og_description":"Ein leistungsf\u00e4higes Instrument zur Zielsetzung, das Ihnen hilft, Ihre Tr\u00e4ume zu verwirklichen","og_url":"https:\/\/invented4.gifts\/de\/produkt\/play-to-make-it-happen-2\/","og_site_name":"Invented4","article_modified_time":"2022-10-28T12:59:41+00:00","og_image":[{"width":2560,"height":2560,"url":"https:\/\/invented4.gifts\/wp-content\/uploads\/2022\/08\/1_BDS_3662-scaled.jpg?_t=1760102301","type":"image\/jpeg"}],"twitter_card":"summary_large_image","twitter_misc":{"Est. reading time":"2 Minuten"},"schema":{"@context":"https:\/\/schema.org","@graph":[{"@type":"WebPage","@id":"https:\/\/invented4.gifts\/de\/produkt\/play-to-make-it-happen-2\/","url":"https:\/\/invented4.gifts\/de\/produkt\/play-to-make-it-happen-2\/","name":"Play To Make It Happen - Invented4","isPartOf":{"@id":"https:\/\/invented4.gifts\/#website"},"primaryImageOfPage":{"@id":"https:\/\/invented4.gifts\/de\/produkt\/play-to-make-it-happen-2\/#primaryimage"},"image":{"@id":"https:\/\/invented4.gifts\/de\/produkt\/play-to-make-it-happen-2\/#primaryimage"},"thumbnailUrl":"https:\/\/invented4.gifts\/wp-content\/uploads\/2022\/08\/1_BDS_3662-scaled.jpg","datePublished":"2022-08-16T11:33:31+00:00","dateModified":"2022-10-28T12:59:41+00:00","breadcrumb":{"@id":"https:\/\/invented4.gifts\/de\/produkt\/play-to-make-it-happen-2\/#breadcrumb"},"inLanguage":"de-DE","potentialAction":[{"@type":"ReadAction","target":["https:\/\/invented4.gifts\/de\/produkt\/play-to-make-it-happen-2\/"]}]},{"@type":"ImageObject","inLanguage":"de-DE","@id":"https:\/\/invented4.gifts\/de\/produkt\/play-to-make-it-happen-2\/#primaryimage","url":"https:\/\/invented4.gifts\/wp-content\/uploads\/2022\/08\/1_BDS_3662-scaled.jpg","contentUrl":"https:\/\/invented4.gifts\/wp-content\/uploads\/2022\/08\/1_BDS_3662-scaled.jpg","width":1920,"height":1920},{"@type":"BreadcrumbList","@id":"https:\/\/invented4.gifts\/de\/produkt\/play-to-make-it-happen-2\/#breadcrumb","itemListElement":[{"@type":"ListItem","position":1,"name":"Home","item":"https:\/\/invented4.gifts\/"},{"@type":"ListItem","position":2,"name":"Produkte einkaufen","item":"https:\/\/invented4.gifts\/shop-products\/"},{"@type":"ListItem","position":3,"name":"Play To Make It Happen"}]},{"@type":"WebSite","@id":"https:\/\/invented4.gifts\/#website","url":"https:\/\/invented4.gifts\/","name":"Invented4","description":"","potentialAction":[{"@type":"SearchAction","target":{"@type":"EntryPoint","urlTemplate":"https:\/\/invented4.gifts\/?s={search_term_string}"},"query-input":{"@type":"PropertyValueSpecification","valueRequired":true,"valueName":"search_term_string"}}],"inLanguage":"de-DE"}]}},"_links":{"self":[{"href":"https:\/\/invented4.gifts\/de\/wp-json\/wp\/v2\/product\/11039","targetHints":{"allow":["GET"]}}],"collection":[{"href":"https:\/\/invented4.gifts\/de\/wp-json\/wp\/v2\/product"}],"about":[{"href":"https:\/\/invented4.gifts\/de\/wp-json\/wp\/v2\/types\/product"}],"replies":[{"embeddable":true,"href":"https:\/\/invented4.gifts\/de\/wp-json\/wp\/v2\/comments?post=11039"}],"wp:featuredmedia":[{"embeddable":true,"href":"https:\/\/invented4.gifts\/de\/wp-json\/wp\/v2\/media\/9134"}],"wp:attachment":[{"href":"https:\/\/invented4.gifts\/de\/wp-json\/wp\/v2\/media?parent=11039"}],"wp:term":[{"taxonomy":"product_brand","embeddable":true,"href":"https:\/\/invented4.gifts\/de\/wp-json\/wp\/v2\/product_brand?post=11039"},{"taxonomy":"product_cat","embeddable":true,"href":"https:\/\/invented4.gifts\/de\/wp-json\/wp\/v2\/product_cat?post=11039"},{"taxonomy":"product_tag","embeddable":true,"href":"https:\/\/invented4.gifts\/de\/wp-json\/wp\/v2\/product_tag?post=11039"}],"curies":[{"name":"wp","href":"https:\/\/api.w.org\/{rel}","templated":true}]}}