{"id":11037,"date":"2022-08-16T13:17:57","date_gmt":"2022-08-16T11:17:57","guid":{"rendered":"https:\/\/invented4.gifts\/?post_type=product&#038;p=11037"},"modified":"2025-01-31T10:47:45","modified_gmt":"2025-01-31T09:47:45","slug":"ocean-clamps","status":"publish","type":"product","link":"https:\/\/invented4.gifts\/de\/produkt\/ocean-clamps\/","title":{"rendered":"Recycelte Ocean Clamps"},"content":{"rendered":"<p><span style=\"font-size: 20px;\"><strong>Die ultimative Verschlussl\u00f6sung f\u00fcr Ihre verpackten Waren<\/strong><\/span><\/p>\n<p>Ocean Clamps wurden entwickelt, um eine optimale und m\u00fchelose Verschlussl\u00f6sung f\u00fcr sowohl weiche als auch harte Beutel zu bieten. Sie sind ideal zum Verschlie\u00dfen von Lebensmitteltaschen wie Toast, Keksen, M\u00fcsli und anderen Lebensmitteln. Durch ihre kompakte Gr\u00f6\u00dfe lassen sie sich bequem in jeder K\u00fcchenschublade verstauen.<\/p>\n<p><a href=\"https:\/\/www.dropbox.com\/scl\/fo\/qp7ys36351g76g5i8fov7\/APKYLoimihNXA2EL7KrGkmQ?rlkey=4x30714h8joya0b39uuz7xwo5&amp;dl=0\">Laden Sie die kurze Produktpr\u00e4sentation in verschiedenen Sprachen herunter.<\/a><\/p>\n<p>&nbsp;<\/p>\n<p><strong>Warum Ocean Clamps w\u00e4hlen?<\/strong><\/p>\n<p><strong>Umweltfreundlich und nachhaltig <\/strong>Ocean Clamps werden vollst\u00e4ndig aus recyceltem, ozeangebundenem Abfall hergestellt, der von dem renommierten Schweizer Unternehmen #tide zu hochwertigem Rohmaterial verarbeitet wird. Diese Initiative f\u00f6rdert nicht nur die Umweltverantwortung, sondern unterst\u00fctzt auch weltweite Bem\u00fchungen zur Verringerung der Meeresverschmutzung. #tide hat mehrere globale Auszeichnungen f\u00fcr Nachhaltigkeit und soziale Verantwortung erhalten, die die \u00f6kologische Bedeutung des in den Ocean Clamps verwendeten Materials unterstreichen.<\/p>\n<p><strong>Hergestellt in der EU <\/strong>Entwickelt und hergestellt in Slowenien (EU), entsprechen die Ocean Clamps hohen Qualit\u00e4tsstandards, die Langlebigkeit und langfristige Nutzung gew\u00e4hrleisten.<\/p>\n<p><strong>Perfekt f\u00fcr Marketing und Promotionen <\/strong>Ocean Clamps sind nicht im Einzelhandel erh\u00e4ltlich, was sie zu einem exklusiven Werbeartikel macht. Unternehmen verwenden sie, um Kundentreue zu belohnen, den Verkauf zu f\u00f6rdern und Wiederholungsk\u00e4ufe zu ermutigen. Der Bedarf an mehreren Clamps (mindestens 20 pro Haushalt) stellt sicher, dass Kunden in Ihr Gesch\u00e4ft zur\u00fcckkehren, um mehr zu sammeln, was eine kontinuierliche Auseinandersetzung mit Ihrer Marke f\u00f6rdert. Die Langlebigkeit des Produkts sorgt f\u00fcr eine kontinuierliche Markenpr\u00e4senz, da Kunden sie t\u00e4glich verwenden.<\/p>\n<p><strong>Branding-M\u00f6glichkeiten<\/strong><br \/>\nPassen Sie die Ocean Clamps mit dem Logo oder der Botschaft Ihrer Marke durch UV- oder Tampondruck an. Dar\u00fcber hinaus k\u00f6nnen Sie ma\u00dfgeschneiderte, Pantone-abgestimmte Kunststofffarben und vollst\u00e4ndig bedruckte Kartonverpackungen f\u00fcr 1-, 2- oder 3-Pack-Optionen w\u00e4hlen. Diese Personalisierung verbessert die langfristige Markenpr\u00e4senz und erm\u00f6glicht es Ihnen, Ihre Geschichte zu kommunizieren, was einen bleibenden Eindruck bei Ihren Kunden hinterl\u00e4sst.<\/p>\n<p>&nbsp;<\/p>\n<p><strong>Marketing-Impact<\/strong><\/p>\n<ul>\n<li><strong>Treue belohnen:<\/strong> Verteilen Sie Ocean Clamps im Rahmen Ihres Treueprogramms, um Ihre Stammkunden zu danken.<\/li>\n<li><strong>Verk\u00e4ufe steigern:<\/strong> Verwenden Sie Ocean Clamps, um K\u00e4ufe zu f\u00f6rdern und so h\u00f6here Verkaufsvolumen zu erzielen.<\/li>\n<li><strong>Nachhaltigkeit f\u00f6rdern:<\/strong> Betonen Sie Ihr Engagement f\u00fcr Nachhaltigkeit, indem Sie Ihre Marke mit umweltfreundlichen Produkten in Verbindung bringen.<\/li>\n<li><strong>Langfristige Pr\u00e4senz:<\/strong> Mit jedem Gebrauch sorgen die Ocean Clamps f\u00fcr t\u00e4gliche Markenpr\u00e4senz und verankern Ihre Marke im Alltag Ihrer Kunden.<\/li>\n<\/ul>\n<p>&nbsp;<\/p>\n<p><strong>Das Drucken eines QR-Codes<\/strong> auf den Ocean Clamps er\u00f6ffnet zahlreiche interaktive und Marketingm\u00f6glichkeiten. Sie k\u00f6nnen digitale Produkte und Dienstleistungen wie Apps, Webshops, Online-Treueprogramme, Produktanleitungen und Social-Media-Engagements bewerben oder ihn einfach anstelle von Brosch\u00fcren auf Messen verwenden.<\/p>\n<p>&nbsp;<\/p>\n<p><strong>Marketing- und Nutzungsszenarien<\/strong><\/p>\n<p><strong>1. Erster Eindruck:<\/strong> Kunden erhalten Ocean Clamps und erkennen sofort ihre Praktikabilit\u00e4t und den \u00f6kologischen Nutzen.<br \/>\n<strong>2. Exklusive Verf\u00fcgbarkeit:<\/strong> Die einzigartige Verf\u00fcgbarkeit von Ocean Clamps sorgt daf\u00fcr, dass Kunden in Ihr Gesch\u00e4ft zur\u00fcckkehren, um mehr zu erhalten.<br \/>\n<strong>3. Sofortiger Gebrauch:<\/strong> Ihre N\u00fctzlichkeit f\u00f6rdert den sofortigen Einsatz, h\u00e4lt Lebensmittel frisch und versiegelt.<br \/>\n<strong>4. Langfristige Markenpr\u00e4senz:<\/strong> Im Laufe der Zeit sammeln Kunden Ocean Clamps, was eine kontinuierliche Markenpr\u00e4senz in ihren K\u00fcchen gew\u00e4hrleistet.<br \/>\n<strong>5. Erh\u00f6hte Nachfrage:<\/strong> Wenn Kunden erkennen, dass sie mehr Clamps ben\u00f6tigen, werden sie motiviert, wiederholt Besuche zu machen.<br \/>\n<strong>6. Positiver Einfluss:<\/strong> Kunden verbinden Ihre Marke mit positiven Umwelt- und Sozialverantwortungsinitiativen.<\/p>\n<p>&nbsp;<\/p>\n<p>Bieten Sie Ihren Kunden eine praktische, nachhaltige und gebrandete L\u00f6sung mit Ocean Clamps. Steigern Sie Ihre Marketingstrategie und hinterlassen Sie einen bleibenden Eindruck mit dieser umweltfreundlichen Innovation.<\/p>\n<p>&nbsp;<\/p>\n<p><strong>Zusammenfassung der Hauptmerkmale:<\/strong><\/p>\n<ul>\n<li>Hergestellt aus recyceltem Ozeanplastik.<\/li>\n<li>F\u00f6rdert soziale und \u00f6kologische Verantwortung.<\/li>\n<li>Versiegelt m\u00fchelos harte und weiche Beutel.<\/li>\n<li>Klein und platzsparend.<\/li>\n<li>Benutzerfreundlich (schnell und einfach aufzusetzen und abzunehmen).<\/li>\n<li>Gro\u00dfe Oberfl\u00e4che f\u00fcr den Druck komplexer Logos.<\/li>\n<li>Individuell gef\u00e4rbter Kunststoff ab 10.000 St\u00fcck.<\/li>\n<li>G\u00fcnstiges Produkt, geeignet f\u00fcr Massenwerbung (On-Pack).<\/li>\n<li>Jeder Haushalt ben\u00f6tigt mindestens 20 St\u00fcck.<\/li>\n<li>Entwickelt und hergestellt in der EU.<\/li>\n<li>Nicht im Einzelhandel erh\u00e4ltlich.<\/li>\n<li>Belohnt Treue.<\/li>\n<li>Beschleunigt Verk\u00e4ufe.<\/li>\n<li>Langfristige Markenpr\u00e4senz in potenziellen Kundenh\u00e4usern.<\/li>\n<\/ul>\n<p>&nbsp;<\/p>\n<p><strong>Technische Spezifikationen:<\/strong><\/p>\n<ul>\n<li>Abmessungen: 45 mm \u00d7 19 mm \u00d7 19 mm.<\/li>\n<li>TARIC-Code: 39241000<\/li>\n<\/ul>\n<p>Transportbox:<br \/>\nMenge: 1000 x 3-Pack<br \/>\nAbmessungen: 54 cm x 38 cm x 35 cm<br \/>\nGewicht: 15 kg<\/p>\n<p>&nbsp;<\/p>\n","protected":false},"excerpt":{"rendered":"<p>Patentierte Verschlussklammer aus recyceltem Meeresplastik (PP)<\/p>\n","protected":false},"featured_media":9074,"comment_status":"open","ping_status":"closed","template":"","meta":{"_acf_changed":false},"product_brand":[],"product_cat":[93],"product_tag":[],"class_list":{"0":"post-11037","1":"product","2":"type-product","3":"status-publish","4":"has-post-thumbnail","6":"product_cat-uncategorized-de","8":"first","9":"instock","10":"taxable","11":"shipping-taxable","12":"product-type-simple"},"acf":[],"yoast_head":"<!-- This site is optimized with the Yoast SEO plugin v27.4 - https:\/\/yoast.com\/product\/yoast-seo-wordpress\/ -->\n<title>Recycelte Ocean Clamps - Invented4<\/title>\n<meta name=\"robots\" content=\"index, follow, max-snippet:-1, max-image-preview:large, max-video-preview:-1\" \/>\n<link rel=\"canonical\" href=\"https:\/\/invented4.gifts\/de\/produkt\/ocean-clamps\/\" \/>\n<meta property=\"og:locale\" content=\"de_DE\" \/>\n<meta property=\"og:type\" content=\"article\" \/>\n<meta property=\"og:title\" content=\"Recycelte Ocean Clamps - Invented4\" \/>\n<meta property=\"og:description\" content=\"Patentierte Verschlussklammer aus recyceltem Meeresplastik (PP)\" \/>\n<meta property=\"og:url\" content=\"https:\/\/invented4.gifts\/de\/produkt\/ocean-clamps\/\" \/>\n<meta property=\"og:site_name\" content=\"Invented4\" \/>\n<meta property=\"article:modified_time\" content=\"2025-01-31T09:47:45+00:00\" \/>\n<meta property=\"og:image\" content=\"https:\/\/invented4.gifts\/wp-content\/uploads\/2022\/08\/1_IMG_0210_21-scaled.jpg?_t=1738316865\" \/>\n\t<meta property=\"og:image:width\" content=\"2560\" \/>\n\t<meta property=\"og:image:height\" content=\"1912\" \/>\n\t<meta property=\"og:image:type\" content=\"image\/jpeg\" \/>\n<meta name=\"twitter:card\" content=\"summary_large_image\" \/>\n<meta name=\"twitter:label1\" content=\"Est. reading time\" \/>\n\t<meta name=\"twitter:data1\" content=\"3 Minuten\" \/>\n<script type=\"application\/ld+json\" class=\"yoast-schema-graph\">{\"@context\":\"https:\\\/\\\/schema.org\",\"@graph\":[{\"@type\":\"WebPage\",\"@id\":\"https:\\\/\\\/invented4.gifts\\\/de\\\/produkt\\\/ocean-clamps\\\/\",\"url\":\"https:\\\/\\\/invented4.gifts\\\/de\\\/produkt\\\/ocean-clamps\\\/\",\"name\":\"Recycelte Ocean Clamps - Invented4\",\"isPartOf\":{\"@id\":\"https:\\\/\\\/invented4.gifts\\\/#website\"},\"primaryImageOfPage\":{\"@id\":\"https:\\\/\\\/invented4.gifts\\\/de\\\/produkt\\\/ocean-clamps\\\/#primaryimage\"},\"image\":{\"@id\":\"https:\\\/\\\/invented4.gifts\\\/de\\\/produkt\\\/ocean-clamps\\\/#primaryimage\"},\"thumbnailUrl\":\"https:\\\/\\\/invented4.gifts\\\/wp-content\\\/uploads\\\/2022\\\/08\\\/1_IMG_0210_21-scaled.jpg\",\"datePublished\":\"2022-08-16T11:17:57+00:00\",\"dateModified\":\"2025-01-31T09:47:45+00:00\",\"breadcrumb\":{\"@id\":\"https:\\\/\\\/invented4.gifts\\\/de\\\/produkt\\\/ocean-clamps\\\/#breadcrumb\"},\"inLanguage\":\"de-DE\",\"potentialAction\":[{\"@type\":\"ReadAction\",\"target\":[\"https:\\\/\\\/invented4.gifts\\\/de\\\/produkt\\\/ocean-clamps\\\/\"]}]},{\"@type\":\"ImageObject\",\"inLanguage\":\"de-DE\",\"@id\":\"https:\\\/\\\/invented4.gifts\\\/de\\\/produkt\\\/ocean-clamps\\\/#primaryimage\",\"url\":\"https:\\\/\\\/invented4.gifts\\\/wp-content\\\/uploads\\\/2022\\\/08\\\/1_IMG_0210_21-scaled.jpg\",\"contentUrl\":\"https:\\\/\\\/invented4.gifts\\\/wp-content\\\/uploads\\\/2022\\\/08\\\/1_IMG_0210_21-scaled.jpg\",\"width\":1920,\"height\":1434},{\"@type\":\"BreadcrumbList\",\"@id\":\"https:\\\/\\\/invented4.gifts\\\/de\\\/produkt\\\/ocean-clamps\\\/#breadcrumb\",\"itemListElement\":[{\"@type\":\"ListItem\",\"position\":1,\"name\":\"Home\",\"item\":\"https:\\\/\\\/invented4.gifts\\\/\"},{\"@type\":\"ListItem\",\"position\":2,\"name\":\"Produkte einkaufen\",\"item\":\"https:\\\/\\\/invented4.gifts\\\/shop-products\\\/\"},{\"@type\":\"ListItem\",\"position\":3,\"name\":\"Recycelte Ocean Clamps\"}]},{\"@type\":\"WebSite\",\"@id\":\"https:\\\/\\\/invented4.gifts\\\/#website\",\"url\":\"https:\\\/\\\/invented4.gifts\\\/\",\"name\":\"Invented4\",\"description\":\"\",\"potentialAction\":[{\"@type\":\"SearchAction\",\"target\":{\"@type\":\"EntryPoint\",\"urlTemplate\":\"https:\\\/\\\/invented4.gifts\\\/?s={search_term_string}\"},\"query-input\":{\"@type\":\"PropertyValueSpecification\",\"valueRequired\":true,\"valueName\":\"search_term_string\"}}],\"inLanguage\":\"de-DE\"}]}<\/script>\n<!-- \/ Yoast SEO plugin. -->","yoast_head_json":{"title":"Recycelte Ocean Clamps - Invented4","robots":{"index":"index","follow":"follow","max-snippet":"max-snippet:-1","max-image-preview":"max-image-preview:large","max-video-preview":"max-video-preview:-1"},"canonical":"https:\/\/invented4.gifts\/de\/produkt\/ocean-clamps\/","og_locale":"de_DE","og_type":"article","og_title":"Recycelte Ocean Clamps - Invented4","og_description":"Patentierte Verschlussklammer aus recyceltem Meeresplastik (PP)","og_url":"https:\/\/invented4.gifts\/de\/produkt\/ocean-clamps\/","og_site_name":"Invented4","article_modified_time":"2025-01-31T09:47:45+00:00","og_image":[{"width":2560,"height":1912,"url":"https:\/\/invented4.gifts\/wp-content\/uploads\/2022\/08\/1_IMG_0210_21-scaled.jpg?_t=1738316865","type":"image\/jpeg"}],"twitter_card":"summary_large_image","twitter_misc":{"Est. reading time":"3 Minuten"},"schema":{"@context":"https:\/\/schema.org","@graph":[{"@type":"WebPage","@id":"https:\/\/invented4.gifts\/de\/produkt\/ocean-clamps\/","url":"https:\/\/invented4.gifts\/de\/produkt\/ocean-clamps\/","name":"Recycelte Ocean Clamps - Invented4","isPartOf":{"@id":"https:\/\/invented4.gifts\/#website"},"primaryImageOfPage":{"@id":"https:\/\/invented4.gifts\/de\/produkt\/ocean-clamps\/#primaryimage"},"image":{"@id":"https:\/\/invented4.gifts\/de\/produkt\/ocean-clamps\/#primaryimage"},"thumbnailUrl":"https:\/\/invented4.gifts\/wp-content\/uploads\/2022\/08\/1_IMG_0210_21-scaled.jpg","datePublished":"2022-08-16T11:17:57+00:00","dateModified":"2025-01-31T09:47:45+00:00","breadcrumb":{"@id":"https:\/\/invented4.gifts\/de\/produkt\/ocean-clamps\/#breadcrumb"},"inLanguage":"de-DE","potentialAction":[{"@type":"ReadAction","target":["https:\/\/invented4.gifts\/de\/produkt\/ocean-clamps\/"]}]},{"@type":"ImageObject","inLanguage":"de-DE","@id":"https:\/\/invented4.gifts\/de\/produkt\/ocean-clamps\/#primaryimage","url":"https:\/\/invented4.gifts\/wp-content\/uploads\/2022\/08\/1_IMG_0210_21-scaled.jpg","contentUrl":"https:\/\/invented4.gifts\/wp-content\/uploads\/2022\/08\/1_IMG_0210_21-scaled.jpg","width":1920,"height":1434},{"@type":"BreadcrumbList","@id":"https:\/\/invented4.gifts\/de\/produkt\/ocean-clamps\/#breadcrumb","itemListElement":[{"@type":"ListItem","position":1,"name":"Home","item":"https:\/\/invented4.gifts\/"},{"@type":"ListItem","position":2,"name":"Produkte einkaufen","item":"https:\/\/invented4.gifts\/shop-products\/"},{"@type":"ListItem","position":3,"name":"Recycelte Ocean Clamps"}]},{"@type":"WebSite","@id":"https:\/\/invented4.gifts\/#website","url":"https:\/\/invented4.gifts\/","name":"Invented4","description":"","potentialAction":[{"@type":"SearchAction","target":{"@type":"EntryPoint","urlTemplate":"https:\/\/invented4.gifts\/?s={search_term_string}"},"query-input":{"@type":"PropertyValueSpecification","valueRequired":true,"valueName":"search_term_string"}}],"inLanguage":"de-DE"}]}},"_links":{"self":[{"href":"https:\/\/invented4.gifts\/de\/wp-json\/wp\/v2\/product\/11037","targetHints":{"allow":["GET"]}}],"collection":[{"href":"https:\/\/invented4.gifts\/de\/wp-json\/wp\/v2\/product"}],"about":[{"href":"https:\/\/invented4.gifts\/de\/wp-json\/wp\/v2\/types\/product"}],"replies":[{"embeddable":true,"href":"https:\/\/invented4.gifts\/de\/wp-json\/wp\/v2\/comments?post=11037"}],"wp:featuredmedia":[{"embeddable":true,"href":"https:\/\/invented4.gifts\/de\/wp-json\/wp\/v2\/media\/9074"}],"wp:attachment":[{"href":"https:\/\/invented4.gifts\/de\/wp-json\/wp\/v2\/media?parent=11037"}],"wp:term":[{"taxonomy":"product_brand","embeddable":true,"href":"https:\/\/invented4.gifts\/de\/wp-json\/wp\/v2\/product_brand?post=11037"},{"taxonomy":"product_cat","embeddable":true,"href":"https:\/\/invented4.gifts\/de\/wp-json\/wp\/v2\/product_cat?post=11037"},{"taxonomy":"product_tag","embeddable":true,"href":"https:\/\/invented4.gifts\/de\/wp-json\/wp\/v2\/product_tag?post=11037"}],"curies":[{"name":"wp","href":"https:\/\/api.w.org\/{rel}","templated":true}]}}