{"id":11036,"date":"2022-08-16T13:03:09","date_gmt":"2022-08-16T11:03:09","guid":{"rendered":"https:\/\/invented4.gifts\/?post_type=product&#038;p=11036"},"modified":"2026-01-19T14:47:21","modified_gmt":"2026-01-19T13:47:21","slug":"less","status":"publish","type":"product","link":"https:\/\/invented4.gifts\/de\/produkt\/less\/","title":{"rendered":"LESS &#8211; Brettspiel"},"content":{"rendered":"<p>LESS ist ein neues Strategie-Brettspiel f\u00fcr zwei oder vier Spieler. Es l\u00e4sst sich in Sekundenschnelle einrichten und die Regeln k\u00f6nnen in weniger als einer Minute erlernt werden. Es ist sowohl f\u00fcr Kinder (ab 6 Jahre) als auch f\u00fcr erfahrene Brettspielfreaks unterhaltsam. Nahezu unendliche Spielkombinationen (2,8 Billionen) sorgen daf\u00fcr, dass Sie nie das gleiche Spiel spielen m\u00fcssen. Legen Sie einfach die Spielfeldpl\u00e4ttchen zuf\u00e4llig in eine quadratische Form, positionieren Sie vier Holzteile in Ihrer Startecke und beginnen Sie den Kampf. Das Spiel ist klein und tragbar und daher sehr praktisch f\u00fcr Ausfl\u00fcge und Urlaub.<\/p>\n<p>LESS ist mit einer bedruckbaren Fl\u00e4che von 1500 cm2 (232,5 Quadratzoll) vollst\u00e4ndig anpassbar. Unternehmen k\u00f6nnen auf der R\u00fcckseite von 18 Spielfeldpl\u00e4ttchen und\/oder auf dem gesamten Kasten viele verschiedene Produkte oder Dienstleistungen pr\u00e4sentieren. Auch die grafische Gestaltung des Spielfelds (Linien) kann an jede Branche angepasst werden. Sehen Sie sich die Beispiele an.<\/p>\n<p>&nbsp;<\/p>\n<p>Hauptmerkmale<\/p>\n<ul>\n<li>Vollst\u00e4ndig kundenspezifisch bedruckbar (1 Seite der Spielfeldpl\u00e4ttchen, gesamter Kasten).<\/li>\n<li>Ideal f\u00fcr Gesch\u00e4ftsgeschenke und Verkaufsf\u00f6rderung.<\/li>\n<li>Einfache Regeln, die jeder in weniger als 1 Minute lernen kann.<\/li>\n<li>Endlose Brettspielkombinationen (2,8 Billionen).<\/li>\n<li>Kurze Dauer von einem Spiel (3-10 Minuten).<\/li>\n<li>Klein und tragbar.<\/li>\n<li>Erm\u00f6glicht zwei separate Spiele f\u00fcr 2 Spieler oder ein Spiel f\u00fcr 4 Spieler.<\/li>\n<li>F\u00fcr Kinder und Erwachsene (5-99 Jahre).<\/li>\n<li>Zu 100 % in der EU (Slowenien) hergestellt.<\/li>\n<li>Das Regelbuch ist in 9 verschiedenen Sprachen verf\u00fcgbar.<\/li>\n<li>Das Regelbuch kann in jede beliebige Sprache \u00fcbersetzt werden.<\/li>\n<\/ul>\n<p>&nbsp;<\/p>\n<p>Technische Merkmale<\/p>\n<ul>\n<li>Premium-Geschenkbox: matt laminiert, zweiteilige Box 260 g Spielbrett, One Prima-Papier<\/li>\n<li>Premium-Untersetzer: 2 mm starker, beidseitig laminierter Karton<\/li>\n<li>Ein Set enth\u00e4lt: 18 Untersetzer (Spielfeldpl\u00e4ttchen), 16 Holzfiguren, ein Regelbuch, eine Premium-Geschenkbox<\/li>\n<li>Abmessungen eines Sets\/Spiels: 170 mm (Breite) \u00d7 125 mm \u00d7 25 mm<\/li>\n<li>Abmessungen der Verpackungsbox: 35 cm \u00d7 25 cm \u00d7 15 cm; 6,3 kg, Spiele pro Box: 24 St\u00fcck<\/li>\n<li>TARIC-CODE: 4823 90 85 80<\/li>\n<\/ul>\n","protected":false},"excerpt":{"rendered":"<p>Ein vollst\u00e4ndig nach Kundenwunsch anpassbares Strategie-Brettspiel<\/p>\n","protected":false},"featured_media":9053,"comment_status":"open","ping_status":"closed","template":"","meta":{"_acf_changed":false},"product_brand":[],"product_cat":[93],"product_tag":[],"class_list":{"0":"post-11036","1":"product","2":"type-product","3":"status-publish","4":"has-post-thumbnail","6":"product_cat-uncategorized-de","8":"first","9":"instock","10":"taxable","11":"shipping-taxable","12":"product-type-simple"},"acf":[],"yoast_head":"<!-- This site is optimized with the Yoast SEO plugin v27.4 - https:\/\/yoast.com\/product\/yoast-seo-wordpress\/ -->\n<title>LESS - Brettspiel - Invented4<\/title>\n<meta name=\"robots\" content=\"index, follow, max-snippet:-1, max-image-preview:large, max-video-preview:-1\" \/>\n<link rel=\"canonical\" href=\"https:\/\/invented4.gifts\/de\/produkt\/less\/\" \/>\n<meta property=\"og:locale\" content=\"de_DE\" \/>\n<meta property=\"og:type\" content=\"article\" \/>\n<meta property=\"og:title\" content=\"LESS - Brettspiel - Invented4\" \/>\n<meta property=\"og:description\" content=\"Ein vollst\u00e4ndig nach Kundenwunsch anpassbares Strategie-Brettspiel\" \/>\n<meta property=\"og:url\" content=\"https:\/\/invented4.gifts\/de\/produkt\/less\/\" \/>\n<meta property=\"og:site_name\" content=\"Invented4\" \/>\n<meta property=\"article:modified_time\" content=\"2026-01-19T13:47:21+00:00\" \/>\n<meta property=\"og:image\" content=\"https:\/\/invented4.gifts\/wp-content\/uploads\/2022\/08\/1_Less-scaled.jpg?_t=1768830442\" \/>\n\t<meta property=\"og:image:width\" content=\"1920\" \/>\n\t<meta property=\"og:image:height\" content=\"1492\" \/>\n\t<meta property=\"og:image:type\" content=\"image\/jpeg\" \/>\n<meta name=\"twitter:card\" content=\"summary_large_image\" \/>\n<meta name=\"twitter:label1\" content=\"Est. reading time\" \/>\n\t<meta name=\"twitter:data1\" content=\"2 Minuten\" \/>\n<script type=\"application\/ld+json\" class=\"yoast-schema-graph\">{\"@context\":\"https:\\\/\\\/schema.org\",\"@graph\":[{\"@type\":\"WebPage\",\"@id\":\"https:\\\/\\\/invented4.gifts\\\/de\\\/produkt\\\/less\\\/\",\"url\":\"https:\\\/\\\/invented4.gifts\\\/de\\\/produkt\\\/less\\\/\",\"name\":\"LESS - Brettspiel - Invented4\",\"isPartOf\":{\"@id\":\"https:\\\/\\\/invented4.gifts\\\/#website\"},\"primaryImageOfPage\":{\"@id\":\"https:\\\/\\\/invented4.gifts\\\/de\\\/produkt\\\/less\\\/#primaryimage\"},\"image\":{\"@id\":\"https:\\\/\\\/invented4.gifts\\\/de\\\/produkt\\\/less\\\/#primaryimage\"},\"thumbnailUrl\":\"https:\\\/\\\/invented4.gifts\\\/wp-content\\\/uploads\\\/2022\\\/08\\\/1_Less-scaled.jpg\",\"datePublished\":\"2022-08-16T11:03:09+00:00\",\"dateModified\":\"2026-01-19T13:47:21+00:00\",\"breadcrumb\":{\"@id\":\"https:\\\/\\\/invented4.gifts\\\/de\\\/produkt\\\/less\\\/#breadcrumb\"},\"inLanguage\":\"de-DE\",\"potentialAction\":[{\"@type\":\"ReadAction\",\"target\":[\"https:\\\/\\\/invented4.gifts\\\/de\\\/produkt\\\/less\\\/\"]}]},{\"@type\":\"ImageObject\",\"inLanguage\":\"de-DE\",\"@id\":\"https:\\\/\\\/invented4.gifts\\\/de\\\/produkt\\\/less\\\/#primaryimage\",\"url\":\"https:\\\/\\\/invented4.gifts\\\/wp-content\\\/uploads\\\/2022\\\/08\\\/1_Less-scaled.jpg\",\"contentUrl\":\"https:\\\/\\\/invented4.gifts\\\/wp-content\\\/uploads\\\/2022\\\/08\\\/1_Less-scaled.jpg\",\"width\":1920,\"height\":1492,\"caption\":\"Family playing dominoes and having fun at home, parents playing with little girls, real people, Caucasian\"},{\"@type\":\"BreadcrumbList\",\"@id\":\"https:\\\/\\\/invented4.gifts\\\/de\\\/produkt\\\/less\\\/#breadcrumb\",\"itemListElement\":[{\"@type\":\"ListItem\",\"position\":1,\"name\":\"Home\",\"item\":\"https:\\\/\\\/invented4.gifts\\\/\"},{\"@type\":\"ListItem\",\"position\":2,\"name\":\"Produkte einkaufen\",\"item\":\"https:\\\/\\\/invented4.gifts\\\/shop-products\\\/\"},{\"@type\":\"ListItem\",\"position\":3,\"name\":\"LESS &#8211; Brettspiel\"}]},{\"@type\":\"WebSite\",\"@id\":\"https:\\\/\\\/invented4.gifts\\\/#website\",\"url\":\"https:\\\/\\\/invented4.gifts\\\/\",\"name\":\"Invented4\",\"description\":\"\",\"potentialAction\":[{\"@type\":\"SearchAction\",\"target\":{\"@type\":\"EntryPoint\",\"urlTemplate\":\"https:\\\/\\\/invented4.gifts\\\/?s={search_term_string}\"},\"query-input\":{\"@type\":\"PropertyValueSpecification\",\"valueRequired\":true,\"valueName\":\"search_term_string\"}}],\"inLanguage\":\"de-DE\"}]}<\/script>\n<!-- \/ Yoast SEO plugin. -->","yoast_head_json":{"title":"LESS - Brettspiel - Invented4","robots":{"index":"index","follow":"follow","max-snippet":"max-snippet:-1","max-image-preview":"max-image-preview:large","max-video-preview":"max-video-preview:-1"},"canonical":"https:\/\/invented4.gifts\/de\/produkt\/less\/","og_locale":"de_DE","og_type":"article","og_title":"LESS - Brettspiel - Invented4","og_description":"Ein vollst\u00e4ndig nach Kundenwunsch anpassbares Strategie-Brettspiel","og_url":"https:\/\/invented4.gifts\/de\/produkt\/less\/","og_site_name":"Invented4","article_modified_time":"2026-01-19T13:47:21+00:00","og_image":[{"width":1920,"height":1492,"url":"https:\/\/invented4.gifts\/wp-content\/uploads\/2022\/08\/1_Less-scaled.jpg?_t=1768830442","type":"image\/jpeg"}],"twitter_card":"summary_large_image","twitter_misc":{"Est. reading time":"2 Minuten"},"schema":{"@context":"https:\/\/schema.org","@graph":[{"@type":"WebPage","@id":"https:\/\/invented4.gifts\/de\/produkt\/less\/","url":"https:\/\/invented4.gifts\/de\/produkt\/less\/","name":"LESS - Brettspiel - Invented4","isPartOf":{"@id":"https:\/\/invented4.gifts\/#website"},"primaryImageOfPage":{"@id":"https:\/\/invented4.gifts\/de\/produkt\/less\/#primaryimage"},"image":{"@id":"https:\/\/invented4.gifts\/de\/produkt\/less\/#primaryimage"},"thumbnailUrl":"https:\/\/invented4.gifts\/wp-content\/uploads\/2022\/08\/1_Less-scaled.jpg","datePublished":"2022-08-16T11:03:09+00:00","dateModified":"2026-01-19T13:47:21+00:00","breadcrumb":{"@id":"https:\/\/invented4.gifts\/de\/produkt\/less\/#breadcrumb"},"inLanguage":"de-DE","potentialAction":[{"@type":"ReadAction","target":["https:\/\/invented4.gifts\/de\/produkt\/less\/"]}]},{"@type":"ImageObject","inLanguage":"de-DE","@id":"https:\/\/invented4.gifts\/de\/produkt\/less\/#primaryimage","url":"https:\/\/invented4.gifts\/wp-content\/uploads\/2022\/08\/1_Less-scaled.jpg","contentUrl":"https:\/\/invented4.gifts\/wp-content\/uploads\/2022\/08\/1_Less-scaled.jpg","width":1920,"height":1492,"caption":"Family playing dominoes and having fun at home, parents playing with little girls, real people, Caucasian"},{"@type":"BreadcrumbList","@id":"https:\/\/invented4.gifts\/de\/produkt\/less\/#breadcrumb","itemListElement":[{"@type":"ListItem","position":1,"name":"Home","item":"https:\/\/invented4.gifts\/"},{"@type":"ListItem","position":2,"name":"Produkte einkaufen","item":"https:\/\/invented4.gifts\/shop-products\/"},{"@type":"ListItem","position":3,"name":"LESS &#8211; Brettspiel"}]},{"@type":"WebSite","@id":"https:\/\/invented4.gifts\/#website","url":"https:\/\/invented4.gifts\/","name":"Invented4","description":"","potentialAction":[{"@type":"SearchAction","target":{"@type":"EntryPoint","urlTemplate":"https:\/\/invented4.gifts\/?s={search_term_string}"},"query-input":{"@type":"PropertyValueSpecification","valueRequired":true,"valueName":"search_term_string"}}],"inLanguage":"de-DE"}]}},"_links":{"self":[{"href":"https:\/\/invented4.gifts\/de\/wp-json\/wp\/v2\/product\/11036","targetHints":{"allow":["GET"]}}],"collection":[{"href":"https:\/\/invented4.gifts\/de\/wp-json\/wp\/v2\/product"}],"about":[{"href":"https:\/\/invented4.gifts\/de\/wp-json\/wp\/v2\/types\/product"}],"replies":[{"embeddable":true,"href":"https:\/\/invented4.gifts\/de\/wp-json\/wp\/v2\/comments?post=11036"}],"wp:featuredmedia":[{"embeddable":true,"href":"https:\/\/invented4.gifts\/de\/wp-json\/wp\/v2\/media\/9053"}],"wp:attachment":[{"href":"https:\/\/invented4.gifts\/de\/wp-json\/wp\/v2\/media?parent=11036"}],"wp:term":[{"taxonomy":"product_brand","embeddable":true,"href":"https:\/\/invented4.gifts\/de\/wp-json\/wp\/v2\/product_brand?post=11036"},{"taxonomy":"product_cat","embeddable":true,"href":"https:\/\/invented4.gifts\/de\/wp-json\/wp\/v2\/product_cat?post=11036"},{"taxonomy":"product_tag","embeddable":true,"href":"https:\/\/invented4.gifts\/de\/wp-json\/wp\/v2\/product_tag?post=11036"}],"curies":[{"name":"wp","href":"https:\/\/api.w.org\/{rel}","templated":true}]}}