{"id":10025,"date":"2022-08-16T11:21:47","date_gmt":"2022-08-16T09:21:47","guid":{"rendered":"https:\/\/invented4.gifts\/product\/bio-tick-mosquito-repellent-kit\/"},"modified":"2025-01-24T08:54:36","modified_gmt":"2025-01-24T07:54:36","slug":"biologisches-zecken-und-mueckenschutzmittel-set","status":"publish","type":"product","link":"https:\/\/invented4.gifts\/de\/produkt\/biologisches-zecken-und-mueckenschutzmittel-set\/","title":{"rendered":"Zecken-und M\u00fcckenschutz in BIO-Qualit\u00e4t"},"content":{"rendered":"\t\t<div data-elementor-type=\"product-post\" data-elementor-id=\"10025\" class=\"elementor elementor-10025 elementor-8803\" data-elementor-post-type=\"product\">\n\t\t\t\t\t\t<section class=\"elementor-section elementor-top-section elementor-element elementor-element-6a22462 elementor-section-boxed elementor-section-height-default elementor-section-height-default\" data-id=\"6a22462\" data-element_type=\"section\" data-e-type=\"section\">\r\n\t\t\r\n\t\t\t\t\t\t\t<div class=\"elementor-container elementor-column-gap-default\">\r\n\t\t\t\t\t\t\t\t\t\t\t<div class=\"elementor-column elementor-col-100 elementor-top-column elementor-element elementor-element-a30ebac\" data-id=\"a30ebac\" data-element_type=\"column\" data-e-type=\"column\">\r\n\t\t\t\t\t<div class=\"elementor-widget-wrap elementor-element-populated\">\r\n\t\t\t\t\t\t\t\t<div class=\"elementor-element elementor-element-41205f1 elementor-widget elementor-widget-text-editor\" data-id=\"41205f1\" data-element_type=\"widget\" data-e-type=\"widget\" data-widget_type=\"text-editor.default\">\n\t\t\t\t<div class=\"elementor-widget-container\">\n\t\t\t\t\t\t\t\t\t<p>Everyone needs mosquito and tick protection during the summer. This is the most elegant and convenient solution for everyone\u2019s pockets or purses. That\u2019s why the refillable sprayer (your brand)will stay in users\u2019 pockets for a very long time.<\/p><div>\u00a0<\/div>\t\t\t\t\t\t\t\t<\/div>\n\t\t\t\t<\/div>\n\t\t\t\t\t<\/div>\r\n\t\t\t\t<\/div>\r\n\t\t\t\t\t<\/div>\r\n\t\t\t\t<\/section>\r\n\t\t\t\t<\/div>\n\t\t","protected":false},"excerpt":{"rendered":"<p>Die praktischste und umweltfreundlichste L\u00f6sung, um ein Zecken- und M\u00fcckenschutzmittel bei sich zu tragen<\/p>\n","protected":false},"featured_media":13187,"comment_status":"open","ping_status":"closed","template":"","meta":{"_acf_changed":false},"product_brand":[],"product_cat":[93],"product_tag":[],"class_list":{"0":"post-10025","1":"product","2":"type-product","3":"status-publish","4":"has-post-thumbnail","6":"product_cat-uncategorized-de","8":"first","9":"instock","10":"taxable","11":"shipping-taxable","12":"product-type-simple"},"acf":[],"yoast_head":"<!-- This site is optimized with the Yoast SEO plugin v27.4 - https:\/\/yoast.com\/product\/yoast-seo-wordpress\/ -->\n<title>Zecken-und M\u00fcckenschutz in BIO-Qualit\u00e4t - Invented4<\/title>\n<meta name=\"robots\" content=\"index, follow, max-snippet:-1, max-image-preview:large, max-video-preview:-1\" \/>\n<link rel=\"canonical\" href=\"https:\/\/invented4.gifts\/de\/produkt\/biologisches-zecken-und-mueckenschutzmittel-set\/\" \/>\n<meta property=\"og:locale\" content=\"de_DE\" \/>\n<meta property=\"og:type\" content=\"article\" \/>\n<meta property=\"og:title\" content=\"Zecken-und M\u00fcckenschutz in BIO-Qualit\u00e4t - Invented4\" \/>\n<meta property=\"og:description\" content=\"Die praktischste und umweltfreundlichste L\u00f6sung, um ein Zecken- und M\u00fcckenschutzmittel bei sich zu tragen\" \/>\n<meta property=\"og:url\" content=\"https:\/\/invented4.gifts\/de\/produkt\/biologisches-zecken-und-mueckenschutzmittel-set\/\" \/>\n<meta property=\"og:site_name\" content=\"Invented4\" \/>\n<meta property=\"article:modified_time\" content=\"2025-01-24T07:54:36+00:00\" \/>\n<meta property=\"og:image\" content=\"https:\/\/invented4.gifts\/wp-content\/uploads\/2022\/08\/DSC07205-Edit-2-1.jpg?_t=1737705276\" \/>\n\t<meta property=\"og:image:width\" content=\"1920\" \/>\n\t<meta property=\"og:image:height\" content=\"1920\" \/>\n\t<meta property=\"og:image:type\" content=\"image\/jpeg\" \/>\n<meta name=\"twitter:card\" content=\"summary_large_image\" \/>\n<meta name=\"twitter:label1\" content=\"Est. reading time\" \/>\n\t<meta name=\"twitter:data1\" content=\"1 Minute\" \/>\n<script type=\"application\/ld+json\" class=\"yoast-schema-graph\">{\"@context\":\"https:\\\/\\\/schema.org\",\"@graph\":[{\"@type\":\"WebPage\",\"@id\":\"https:\\\/\\\/invented4.gifts\\\/de\\\/produkt\\\/biologisches-zecken-und-mueckenschutzmittel-set\\\/\",\"url\":\"https:\\\/\\\/invented4.gifts\\\/de\\\/produkt\\\/biologisches-zecken-und-mueckenschutzmittel-set\\\/\",\"name\":\"Zecken-und M\u00fcckenschutz in BIO-Qualit\u00e4t - Invented4\",\"isPartOf\":{\"@id\":\"https:\\\/\\\/invented4.gifts\\\/#website\"},\"primaryImageOfPage\":{\"@id\":\"https:\\\/\\\/invented4.gifts\\\/de\\\/produkt\\\/biologisches-zecken-und-mueckenschutzmittel-set\\\/#primaryimage\"},\"image\":{\"@id\":\"https:\\\/\\\/invented4.gifts\\\/de\\\/produkt\\\/biologisches-zecken-und-mueckenschutzmittel-set\\\/#primaryimage\"},\"thumbnailUrl\":\"https:\\\/\\\/invented4.gifts\\\/wp-content\\\/uploads\\\/2022\\\/08\\\/DSC07205-Edit-2-1.jpg\",\"datePublished\":\"2022-08-16T09:21:47+00:00\",\"dateModified\":\"2025-01-24T07:54:36+00:00\",\"breadcrumb\":{\"@id\":\"https:\\\/\\\/invented4.gifts\\\/de\\\/produkt\\\/biologisches-zecken-und-mueckenschutzmittel-set\\\/#breadcrumb\"},\"inLanguage\":\"de-DE\",\"potentialAction\":[{\"@type\":\"ReadAction\",\"target\":[\"https:\\\/\\\/invented4.gifts\\\/de\\\/produkt\\\/biologisches-zecken-und-mueckenschutzmittel-set\\\/\"]}]},{\"@type\":\"ImageObject\",\"inLanguage\":\"de-DE\",\"@id\":\"https:\\\/\\\/invented4.gifts\\\/de\\\/produkt\\\/biologisches-zecken-und-mueckenschutzmittel-set\\\/#primaryimage\",\"url\":\"https:\\\/\\\/invented4.gifts\\\/wp-content\\\/uploads\\\/2022\\\/08\\\/DSC07205-Edit-2-1.jpg\",\"contentUrl\":\"https:\\\/\\\/invented4.gifts\\\/wp-content\\\/uploads\\\/2022\\\/08\\\/DSC07205-Edit-2-1.jpg\",\"width\":1920,\"height\":1920},{\"@type\":\"BreadcrumbList\",\"@id\":\"https:\\\/\\\/invented4.gifts\\\/de\\\/produkt\\\/biologisches-zecken-und-mueckenschutzmittel-set\\\/#breadcrumb\",\"itemListElement\":[{\"@type\":\"ListItem\",\"position\":1,\"name\":\"Home\",\"item\":\"https:\\\/\\\/invented4.gifts\\\/\"},{\"@type\":\"ListItem\",\"position\":2,\"name\":\"Produkte einkaufen\",\"item\":\"https:\\\/\\\/invented4.gifts\\\/shop-products\\\/\"},{\"@type\":\"ListItem\",\"position\":3,\"name\":\"Zecken-und M\u00fcckenschutz in BIO-Qualit\u00e4t\"}]},{\"@type\":\"WebSite\",\"@id\":\"https:\\\/\\\/invented4.gifts\\\/#website\",\"url\":\"https:\\\/\\\/invented4.gifts\\\/\",\"name\":\"Invented4\",\"description\":\"\",\"potentialAction\":[{\"@type\":\"SearchAction\",\"target\":{\"@type\":\"EntryPoint\",\"urlTemplate\":\"https:\\\/\\\/invented4.gifts\\\/?s={search_term_string}\"},\"query-input\":{\"@type\":\"PropertyValueSpecification\",\"valueRequired\":true,\"valueName\":\"search_term_string\"}}],\"inLanguage\":\"de-DE\"}]}<\/script>\n<!-- \/ Yoast SEO plugin. -->","yoast_head_json":{"title":"Zecken-und M\u00fcckenschutz in BIO-Qualit\u00e4t - Invented4","robots":{"index":"index","follow":"follow","max-snippet":"max-snippet:-1","max-image-preview":"max-image-preview:large","max-video-preview":"max-video-preview:-1"},"canonical":"https:\/\/invented4.gifts\/de\/produkt\/biologisches-zecken-und-mueckenschutzmittel-set\/","og_locale":"de_DE","og_type":"article","og_title":"Zecken-und M\u00fcckenschutz in BIO-Qualit\u00e4t - Invented4","og_description":"Die praktischste und umweltfreundlichste L\u00f6sung, um ein Zecken- und M\u00fcckenschutzmittel bei sich zu tragen","og_url":"https:\/\/invented4.gifts\/de\/produkt\/biologisches-zecken-und-mueckenschutzmittel-set\/","og_site_name":"Invented4","article_modified_time":"2025-01-24T07:54:36+00:00","og_image":[{"width":1920,"height":1920,"url":"https:\/\/invented4.gifts\/wp-content\/uploads\/2022\/08\/DSC07205-Edit-2-1.jpg?_t=1737705276","type":"image\/jpeg"}],"twitter_card":"summary_large_image","twitter_misc":{"Est. reading time":"1 Minute"},"schema":{"@context":"https:\/\/schema.org","@graph":[{"@type":"WebPage","@id":"https:\/\/invented4.gifts\/de\/produkt\/biologisches-zecken-und-mueckenschutzmittel-set\/","url":"https:\/\/invented4.gifts\/de\/produkt\/biologisches-zecken-und-mueckenschutzmittel-set\/","name":"Zecken-und M\u00fcckenschutz in BIO-Qualit\u00e4t - Invented4","isPartOf":{"@id":"https:\/\/invented4.gifts\/#website"},"primaryImageOfPage":{"@id":"https:\/\/invented4.gifts\/de\/produkt\/biologisches-zecken-und-mueckenschutzmittel-set\/#primaryimage"},"image":{"@id":"https:\/\/invented4.gifts\/de\/produkt\/biologisches-zecken-und-mueckenschutzmittel-set\/#primaryimage"},"thumbnailUrl":"https:\/\/invented4.gifts\/wp-content\/uploads\/2022\/08\/DSC07205-Edit-2-1.jpg","datePublished":"2022-08-16T09:21:47+00:00","dateModified":"2025-01-24T07:54:36+00:00","breadcrumb":{"@id":"https:\/\/invented4.gifts\/de\/produkt\/biologisches-zecken-und-mueckenschutzmittel-set\/#breadcrumb"},"inLanguage":"de-DE","potentialAction":[{"@type":"ReadAction","target":["https:\/\/invented4.gifts\/de\/produkt\/biologisches-zecken-und-mueckenschutzmittel-set\/"]}]},{"@type":"ImageObject","inLanguage":"de-DE","@id":"https:\/\/invented4.gifts\/de\/produkt\/biologisches-zecken-und-mueckenschutzmittel-set\/#primaryimage","url":"https:\/\/invented4.gifts\/wp-content\/uploads\/2022\/08\/DSC07205-Edit-2-1.jpg","contentUrl":"https:\/\/invented4.gifts\/wp-content\/uploads\/2022\/08\/DSC07205-Edit-2-1.jpg","width":1920,"height":1920},{"@type":"BreadcrumbList","@id":"https:\/\/invented4.gifts\/de\/produkt\/biologisches-zecken-und-mueckenschutzmittel-set\/#breadcrumb","itemListElement":[{"@type":"ListItem","position":1,"name":"Home","item":"https:\/\/invented4.gifts\/"},{"@type":"ListItem","position":2,"name":"Produkte einkaufen","item":"https:\/\/invented4.gifts\/shop-products\/"},{"@type":"ListItem","position":3,"name":"Zecken-und M\u00fcckenschutz in BIO-Qualit\u00e4t"}]},{"@type":"WebSite","@id":"https:\/\/invented4.gifts\/#website","url":"https:\/\/invented4.gifts\/","name":"Invented4","description":"","potentialAction":[{"@type":"SearchAction","target":{"@type":"EntryPoint","urlTemplate":"https:\/\/invented4.gifts\/?s={search_term_string}"},"query-input":{"@type":"PropertyValueSpecification","valueRequired":true,"valueName":"search_term_string"}}],"inLanguage":"de-DE"}]}},"_links":{"self":[{"href":"https:\/\/invented4.gifts\/de\/wp-json\/wp\/v2\/product\/10025","targetHints":{"allow":["GET"]}}],"collection":[{"href":"https:\/\/invented4.gifts\/de\/wp-json\/wp\/v2\/product"}],"about":[{"href":"https:\/\/invented4.gifts\/de\/wp-json\/wp\/v2\/types\/product"}],"replies":[{"embeddable":true,"href":"https:\/\/invented4.gifts\/de\/wp-json\/wp\/v2\/comments?post=10025"}],"wp:featuredmedia":[{"embeddable":true,"href":"https:\/\/invented4.gifts\/de\/wp-json\/wp\/v2\/media\/13187"}],"wp:attachment":[{"href":"https:\/\/invented4.gifts\/de\/wp-json\/wp\/v2\/media?parent=10025"}],"wp:term":[{"taxonomy":"product_brand","embeddable":true,"href":"https:\/\/invented4.gifts\/de\/wp-json\/wp\/v2\/product_brand?post=10025"},{"taxonomy":"product_cat","embeddable":true,"href":"https:\/\/invented4.gifts\/de\/wp-json\/wp\/v2\/product_cat?post=10025"},{"taxonomy":"product_tag","embeddable":true,"href":"https:\/\/invented4.gifts\/de\/wp-json\/wp\/v2\/product_tag?post=10025"}],"curies":[{"name":"wp","href":"https:\/\/api.w.org\/{rel}","templated":true}]}}